{"id":648,"date":"2018-01-13T07:25:42","date_gmt":"2018-01-13T07:25:42","guid":{"rendered":"http:\/\/victorthemes.com\/themes\/unova\/?page_id=648"},"modified":"2019-03-18T23:14:35","modified_gmt":"2019-03-19T02:14:35","slug":"empresa","status":"publish","type":"page","link":"https:\/\/agencialebrun.com.br\/?page_id=648","title":{"rendered":"Empresa"},"content":{"rendered":"<div class=\"wpb-content-wrapper\"><p>[vc_row content_placement=&#8221;top&#8221; overlay_dotted=&#8221;&#8221; css=&#8221;.vc_custom_1546043563249{padding-top: 10px !important;padding-bottom: 50px !important;}&#8221;][vc_column]<div class=\"unva-image \"><img decoding=\"async\" src=\"https:\/\/agencialebrun.com.br\/wp-content\/uploads\/2018\/12\/team-meeting-in-creative-office-PNRT8GM.jpg\" alt=\"\"><\/div>[vc_row_inner css=&#8221;.vc_custom_1517226597586{padding-top: 45px !important;}&#8221;][vc_column_inner offset=&#8221;vc_col-lg-6 vc_col-md-6&#8243;]<div class=\"section-title-wrap unva-stitle-6a05847f5c9f0 cpation-left \"><h2 class=\"section-title\">Consultoria e solu\u00e7\u00f5es especializadas em Marketing Digital, TI e Gest\u00e3o para empresas e profissionais de todos os tamanhos.<\/h2><p>Consultoria formada por um time de profissionais de reconhecida compet\u00eancia, que acumulam s\u00f3lida experi\u00eancia e know-how pr\u00e1tico como gestores, executivos e consultores.<\/p><div class=\"unva-btn-group\"><a href=\"..\/contato\" class=\"unva-btn\">Contato<i class=\"fa fa-arrow-circle-right\" aria-hidden=\"true\"><\/i><\/a><\/div><\/div>[\/vc_column_inner][vc_column_inner width=&#8221;1\/12&#8243; offset=&#8221;vc_hidden-md vc_hidden-sm vc_hidden-xs&#8221;][\/vc_column_inner][vc_column_inner offset=&#8221;vc_col-lg-5 vc_col-md-5&#8243;]<div class=\"idea-item unva-item unva-idea-6a05847f5ca21 \">\n                <div class=\"unva-icon\"><span class=\"pe-7s-vector\"><\/span><\/div>\n                <div class=\"idea-info\"><h4 class=\"idea-title\"><a href=\"#0\" target=\"_self\">Experi\u00eancia<\/a><\/h4><p>Somos especializados em marketing, planejamento, tecnologia, processos e gest\u00e3o empresarial de m\u00e9dias e pequenas empresas.\u00a0Atuamos a partir de estrat\u00e9gias objetivas focadas em resultados de curto prazo e acreditamos que o simples pode ser a melhor solu\u00e7\u00e3o.<\/p>\n<\/div>\n              <\/div><div class=\"idea-item unva-item unva-idea-6a05847f5ca41 \">\n                <div class=\"unva-icon\"><span class=\"pe-7s-light\"><\/span><\/div>\n                <div class=\"idea-info\"><h4 class=\"idea-title\"><a href=\"#0\" target=\"_self\">Parcerias<\/a><\/h4><p>Atrav\u00e9s de empresas parceiras oferecemos um amplo leque de servi\u00e7os nas \u00e1reas de consultoria e treinamento.<\/p>\n<\/div>\n              <\/div>[\/vc_column_inner][\/vc_row_inner][\/vc_column][\/vc_row][vc_row disable_element=&#8221;yes&#8221; overlay_dotted=&#8221;&#8221; css=&#8221;.vc_custom_1552961674567{background-color: #fcfcfc !important;}&#8221;][vc_column width=&#8221;1\/2&#8243;][vc_column_text]<\/p>\n<p class=\"font_8\" style=\"text-align: center;\"><strong>Vis\u00e3o<br \/>\n<\/strong>Ser reconhecida regionalmente como a consultoria que alcan\u00e7a os objetivos propostos e entrega resultados efetivos, oferecendo a melhor rela\u00e7\u00e3o benef\u00edcio versus investimento.<\/p>\n<p>[\/vc_column_text][\/vc_column][vc_column width=&#8221;1\/2&#8243;][vc_column_text]<\/p>\n<p class=\"font_8\" style=\"text-align: center;\"><strong>Miss\u00e3o<br \/>\n<\/strong>Oferecer solu\u00e7\u00f5es estrat\u00e9gicas de marketing e gest\u00e3o de neg\u00f3cios atrav\u00e9s de consultoria, assessoria e treinamento focados nas reais necessidades dos clientes.<\/p>\n<p>[\/vc_column_text][\/vc_column][\/vc_row][vc_row content_placement=&#8221;bottom&#8221; disable_element=&#8221;yes&#8221; overlay_dotted=&#8221;&#8221;][vc_column][vc_column_text]<\/p>\n<p style=\"text-align: center;\"><strong>Valores e Princ\u00edpios<\/strong><\/p>\n<p>[\/vc_column_text][\/vc_column][\/vc_row][vc_row content_placement=&#8221;top&#8221; disable_element=&#8221;yes&#8221; overlay_dotted=&#8221;&#8221;][vc_column width=&#8221;1\/3&#8243;]<div class=\"idea-item unva-item unva-idea-6a05847f5ca59 \">\n                <div class=\"unva-icon\"><span class=\"fa fa-star\"><\/span><\/div>\n                <div class=\"idea-info\"><p>Credibilidade no mercado por meio de uma atua\u00e7\u00e3o \u00edntegra e transparente.<\/p>\n<\/div>\n              <\/div>[\/vc_column][vc_column width=&#8221;1\/3&#8243;]<div class=\"idea-item unva-item unva-idea-6a05847f5ca6d \">\n                <div class=\"unva-icon\"><span class=\"fa fa-star\"><\/span><\/div>\n                <div class=\"idea-info\"><p>Efetividade atrav\u00e9s de reconhecida compet\u00eancia e da capacidade de entender as reais necessidades dos clientes.<\/p>\n<\/div>\n              <\/div>[\/vc_column][vc_column width=&#8221;1\/3&#8243;]<div class=\"idea-item unva-item unva-idea-6a05847f5ca7f \">\n                <div class=\"unva-icon\"><span class=\"fa fa-star\"><\/span><\/div>\n                <div class=\"idea-info\"><p>Competitividade a partir de uma estrutura simples que gera sinergia por interm\u00e9dio de empresas parceiras.<\/p>\n<\/div>\n              <\/div>[\/vc_column][\/vc_row][vc_row content_placement=&#8221;top&#8221; disable_element=&#8221;yes&#8221; overlay_dotted=&#8221;&#8221; css=&#8221;.vc_custom_1552961623352{padding-top: 3% !important;}&#8221;][vc_column width=&#8221;1\/4&#8243; text_alignment=&#8221;text-center&#8221;][vc_single_image image=&#8221;1657&#8243; img_size=&#8221;full&#8221; alignment=&#8221;center&#8221;][\/vc_column][vc_column width=&#8221;3\/4&#8243;][vc_column_text el_class=&#8221;fonte_rubik&#8221;]A Ag\u00eancia Lebrun \u00e9 liderada por Ant\u00f4nio Roma, consultor, palestrante e empreendedor, com comprovada experi\u00eancia:<\/p>\n<ul>\n<li>Graduado em An\u00e1lise de Sistemas pela FRB.<\/li>\n<li>MBA em Administra\u00e7\u00e3o e Marketing pela UFBA.<\/li>\n<li>Especializa\u00e7\u00e3o em Ger\u00eancia de Sistemas de Informa\u00e7\u00e3o pela UCSAL.<\/li>\n<li>Coach certificado pela International Association of Coaching Institutes (ICI).<\/li>\n<li>Especializa\u00e7\u00e3o em Marketing Digital Estrat\u00e9gico pela Louyt Academy, Espanha.<\/li>\n<li>Transm\u00eddia.<\/li>\n<li>Professor do Curso de P\u00f3s-gradua\u00e7\u00e3o de Governan\u00e7a de TI EAD do SENAC-BA.<\/li>\n<li>Professor da Cairu: Administra\u00e7\u00e3o de Sistemas de Informa\u00e7\u00e3o, Planejamento Estrat\u00e9gico, Gest\u00e3o e Governan\u00e7a de TI, Gest\u00e3o de Projetos.<\/li>\n<li>Ministra Cursos e Palestras de Marketing Digital Estrat\u00e9gico, Gest\u00e3o e Governan\u00e7a de TI em empresas, congressos, feiras e universidades.<\/li>\n<li>Franqueado da Louyt Mobile Bahia, empresa europeia refer\u00eancia em Mobile Marketing no Mundo.<\/li>\n<li>Ex-Diretor de TI da Unimed Feira de Santana.<\/li>\n<li>Ex-Diretor de TI do Grupo Atakarejo.<\/li>\n<li>Ex-Diretor de TI da Origin (grupo multinacional da Philips do Brasil).<\/li>\n<li>Ex- Gerente do SERPRO (Servi\u00e7o Federal de Processamento de Dados).<\/li>\n<li>30 anos de Experi\u00eancia nas seguintes \u00e1reas:\n<ul>\n<li>Gest\u00e3o e Governan\u00e7a de TI com as melhores pr\u00e1ticas de mercado;<\/li>\n<li>Administra\u00e7\u00e3o e Comercial;<\/li>\n<li>Mapeamento e Melhoria de Processos;<\/li>\n<li>Marketing Digital Estrat\u00e9gico;<\/li>\n<li>Estudo de Viabilidade T\u00e9cnica e Econ\u00f4mica.<\/li>\n<\/ul>\n<\/li>\n<\/ul>\n<p>[\/vc_column_text][\/vc_column][\/vc_row]<\/p>\n<\/div>","protected":false},"excerpt":{"rendered":"[vc_row content_placement=&#8221;top&#8221; overlay_dotted=&#8221;&#8221; css=&#8221;.vc_custom_1546043563249{padding-top: 10px !important;padding-bottom: 50px !important;}&#8221;][vc_column][vc_row_inner css=&#8221;.vc_custom_1517226597586{padding-top: 45px !important;}&#8221;][vc_column_inner offset=&#8221;vc_col-lg-6 vc_col-md-6&#8243;][\/vc_column_inner][vc_column_inner width=&#8221;1\/12&#8243; offset=&#8221;vc_hidden-md vc_hidden-sm vc_hidden-xs&#8221;][\/vc_column_inner][vc_column_inner offset=&#8221;vc_col-lg-5 vc_col-md-5&#8243;][\/vc_column_inner][\/vc_row_inner][\/vc_column][\/vc_row][vc_row disable_element=&#8221;yes&#8221; overlay_dotted=&#8221;&#8221; css=&#8221;.vc_custom_1552961674567{background-color: #fcfcfc !important;}&#8221;][vc_column width=&#8221;1\/2&#8243;][vc_column_text] Vis\u00e3o Ser reconhecida regionalmente como[&#8230;]","protected":false},"author":1,"featured_media":0,"parent":0,"menu_order":0,"comment_status":"closed","ping_status":"closed","template":"","meta":{"footnotes":""},"class_list":["post-648","page","type-page","status-publish","hentry"],"_links":{"self":[{"href":"https:\/\/agencialebrun.com.br\/index.php?rest_route=\/wp\/v2\/pages\/648","targetHints":{"allow":["GET"]}}],"collection":[{"href":"https:\/\/agencialebrun.com.br\/index.php?rest_route=\/wp\/v2\/pages"}],"about":[{"href":"https:\/\/agencialebrun.com.br\/index.php?rest_route=\/wp\/v2\/types\/page"}],"author":[{"embeddable":true,"href":"https:\/\/agencialebrun.com.br\/index.php?rest_route=\/wp\/v2\/users\/1"}],"replies":[{"embeddable":true,"href":"https:\/\/agencialebrun.com.br\/index.php?rest_route=%2Fwp%2Fv2%2Fcomments&post=648"}],"version-history":[{"count":44,"href":"https:\/\/agencialebrun.com.br\/index.php?rest_route=\/wp\/v2\/pages\/648\/revisions"}],"predecessor-version":[{"id":1900,"href":"https:\/\/agencialebrun.com.br\/index.php?rest_route=\/wp\/v2\/pages\/648\/revisions\/1900"}],"wp:attachment":[{"href":"https:\/\/agencialebrun.com.br\/index.php?rest_route=%2Fwp%2Fv2%2Fmedia&parent=648"}],"curies":[{"name":"wp","href":"https:\/\/api.w.org\/{rel}","templated":true}]}}