{"id":2419,"date":"2019-08-06T21:30:41","date_gmt":"2019-08-07T00:30:41","guid":{"rendered":"http:\/\/www.agencialebrun.com.br\/?page_id=2419"},"modified":"2019-08-06T21:35:34","modified_gmt":"2019-08-07T00:35:34","slug":"diagnostico-360o","status":"publish","type":"page","link":"https:\/\/agencialebrun.com.br\/?page_id=2419","title":{"rendered":"Diagn\u00f3stico 360\u00ba"},"content":{"rendered":"<p>O diagn\u00f3stico empresarial realizado pelos consultores especialistas da Lebrun Intelig\u00eancia Estrat\u00e9gica avaliam a sua empresa em 360 graus. Em aproximadamente 4 horas atrav\u00e9s de visitas agendadas na sua empresa verificarmos quest\u00f5es relativas as \u00e1reas: financeira, marketing, produ\u00e7\u00e3o, gest\u00e3o de pessoas, ti, gest\u00e3o de suprimentos, estrat\u00e9gias. Diagn\u00f3sticos a partir de R$ 590,00.<\/p>\n<p><strong><br \/>\nObjetivos: <\/strong><\/p>\n<p><strong>E o que \u00e9 o DIAGN\u00d3STICO &amp; CONSULTORIA 360 GRAUS?\u00a0<\/strong><strong>Uma forma INTELIGENTE e ACESS\u00cdVEL ao seu BOLSO para Multiplicar os Resultados de sua Empresa!<\/strong><\/p>\n<p>Diagn\u00f3stico e Consultoria Completa para sua Empresa!<\/p>\n<ul>\n<li>An\u00e1lise Completa e Minuciosa das Principais \u00c1reas da sua Empresa.<\/li>\n<li>Levantamento de dados atrav\u00e9s do KIT CHECK-UP.<\/li>\n<li>An\u00e1lise do Balanceamento do seu Modelo de Neg\u00f3cios.<\/li>\n<li>Diagn\u00f3stico e An\u00e1lise Financeira Completa.<\/li>\n<li>Diagn\u00f3stico de Marketing e Vendas.<\/li>\n<li>Diagn\u00f3stico dos Processos e Servi\u00e7os.<\/li>\n<li>Diagn\u00f3stico da Cultura Empresarial \u2013 An\u00e1lise dos Empreendedores.<\/li>\n<li>Emiss\u00e3o de um relat\u00f3rio completo com an\u00e1lises, recomenda\u00e7\u00f5es e consultoria atrav\u00e9s de 5 sess\u00f5es Via Skype ou presencias.<\/li>\n<\/ul>\n","protected":false},"excerpt":{"rendered":"O diagn\u00f3stico empresarial realizado pelos consultores especialistas da Lebrun Intelig\u00eancia Estrat\u00e9gica avaliam a sua empresa em 360 graus. Em aproximadamente 4 horas atrav\u00e9s de visitas agendadas na sua empresa verificarmos[&#8230;]","protected":false},"author":1,"featured_media":0,"parent":0,"menu_order":0,"comment_status":"closed","ping_status":"closed","template":"","meta":{"footnotes":""},"class_list":["post-2419","page","type-page","status-publish","hentry"],"_links":{"self":[{"href":"https:\/\/agencialebrun.com.br\/index.php?rest_route=\/wp\/v2\/pages\/2419","targetHints":{"allow":["GET"]}}],"collection":[{"href":"https:\/\/agencialebrun.com.br\/index.php?rest_route=\/wp\/v2\/pages"}],"about":[{"href":"https:\/\/agencialebrun.com.br\/index.php?rest_route=\/wp\/v2\/types\/page"}],"author":[{"embeddable":true,"href":"https:\/\/agencialebrun.com.br\/index.php?rest_route=\/wp\/v2\/users\/1"}],"replies":[{"embeddable":true,"href":"https:\/\/agencialebrun.com.br\/index.php?rest_route=%2Fwp%2Fv2%2Fcomments&post=2419"}],"version-history":[{"count":4,"href":"https:\/\/agencialebrun.com.br\/index.php?rest_route=\/wp\/v2\/pages\/2419\/revisions"}],"predecessor-version":[{"id":2424,"href":"https:\/\/agencialebrun.com.br\/index.php?rest_route=\/wp\/v2\/pages\/2419\/revisions\/2424"}],"wp:attachment":[{"href":"https:\/\/agencialebrun.com.br\/index.php?rest_route=%2Fwp%2Fv2%2Fmedia&parent=2419"}],"curies":[{"name":"wp","href":"https:\/\/api.w.org\/{rel}","templated":true}]}}