{"id":2275,"date":"2019-05-25T01:09:25","date_gmt":"2019-05-25T04:09:25","guid":{"rendered":"http:\/\/www.agencialebrun.com.br\/?page_id=2275"},"modified":"2019-07-24T19:15:04","modified_gmt":"2019-07-24T22:15:04","slug":"cases-de-sucesso","status":"publish","type":"page","link":"https:\/\/agencialebrun.com.br\/?page_id=2275","title":{"rendered":"Cases de sucesso"},"content":{"rendered":"<div class=\"wpb-content-wrapper\"><p>[vc_row][vc_column][vc_column_text]<\/p>\n<h2 class=\"vc_custom_heading\" style=\"text-align: center;\">Conhe\u00e7a Casos de Sucesso da Lebrun<\/h2>\n<h4 class=\"vc_custom_heading\" style=\"text-align: center;\">Conhe\u00e7a a hist\u00f3ria de empresas que optaram por<br \/>\ncontratar a Lebrun e quais foram os resultados alcan\u00e7ados.<\/h4>\n<p>[\/vc_column_text][vc_column_text]<\/p>\n<p style=\"text-align: center;\">Nos \u00faltimos anos, a Lebrun tem trabalhado constantemente para que nossos clientes melhorem seus resultados e alcancem mais vantagens competitivas. S\u00e3o empresas que acreditam em nosso trabalho e nas quais podemos aprimorar a gest\u00e3o, aumentar o seu conhecimento sobre o mercado e ajudar a crescer.<\/p>\n<p>[\/vc_column_text][vc_row_inner equal_height=&#8221;yes&#8221; content_placement=&#8221;top&#8221; gap=&#8221;10&#8243;][vc_column_inner width=&#8221;1\/3&#8243; css=&#8221;.vc_custom_1564006407077{background-color: #f2f2f2 !important;}&#8221;][vc_column_text]<\/p>\n<h3 style=\"text-align: center;\">Intelig\u00eancia Estrat\u00e9gica<br \/>\nEmpresarial<\/h3>\n<p>[\/vc_column_text][vc_btn title=&#8221;Fazer o download&#8221; color=&#8221;warning&#8221; size=&#8221;lg&#8221; align=&#8221;center&#8221; i_icon_fontawesome=&#8221;fa fa-cloud-download&#8221; add_icon=&#8221;true&#8221; link=&#8221;url:http%3A%2F%2Fwww.agencialebrun.com.br%2Fcase1|title:Cases%20-%20Intelig%C3%AAncia%20Estrat%C3%A9gica%20Empresarial||&#8221;][\/vc_column_inner][vc_column_inner width=&#8221;1\/3&#8243; css=&#8221;.vc_custom_1564006398386{background-color: #f2f2f2 !important;}&#8221;][vc_column_text]<\/p>\n<h3 style=\"text-align: center;\">Intelig\u00eancia Estrat\u00e9gica<br \/>\nDigital<\/h3>\n<p>[\/vc_column_text][vc_btn title=&#8221;Fazer o download&#8221; color=&#8221;warning&#8221; size=&#8221;lg&#8221; align=&#8221;center&#8221; i_icon_fontawesome=&#8221;fa fa-cloud-download&#8221; add_icon=&#8221;true&#8221; link=&#8221;url:http%3A%2F%2Fwww.agencialebrun.com.br%2Fcase2|title:Cases%20-%20Intelig%C3%AAncia%20Estrat%C3%A9gica%20Digital||&#8221;][\/vc_column_inner][vc_column_inner width=&#8221;1\/3&#8243; css=&#8221;.vc_custom_1564006390355{background-color: #f2f2f2 !important;}&#8221;][vc_column_text]<\/p>\n<h3 style=\"text-align: center;\">Intelig\u00eancia Estrat\u00e9gica<br \/>\nde Mercado<\/h3>\n<p>[\/vc_column_text][vc_btn title=&#8221;Fazer o download&#8221; color=&#8221;warning&#8221; size=&#8221;lg&#8221; align=&#8221;center&#8221; i_icon_fontawesome=&#8221;fa fa-cloud-download&#8221; add_icon=&#8221;true&#8221; link=&#8221;url:http%3A%2F%2Fwww.agencialebrun.com.br%2Fcase3|title:Cases%20-%20Intelig%C3%AAncia%20Estrat%C3%A9gica%20de%20Mercado||&#8221;][\/vc_column_inner][\/vc_row_inner][\/vc_column][\/vc_row]<\/p>\n<\/div>","protected":false},"excerpt":{"rendered":"[vc_row][vc_column][vc_column_text] Conhe\u00e7a Casos de Sucesso da Lebrun Conhe\u00e7a a hist\u00f3ria de empresas que optaram por contratar a Lebrun e quais foram os resultados alcan\u00e7ados. [\/vc_column_text][vc_column_text] Nos \u00faltimos anos, a Lebrun[&#8230;]","protected":false},"author":1,"featured_media":0,"parent":0,"menu_order":0,"comment_status":"closed","ping_status":"closed","template":"","meta":{"footnotes":""},"class_list":["post-2275","page","type-page","status-publish","hentry"],"_links":{"self":[{"href":"https:\/\/agencialebrun.com.br\/index.php?rest_route=\/wp\/v2\/pages\/2275","targetHints":{"allow":["GET"]}}],"collection":[{"href":"https:\/\/agencialebrun.com.br\/index.php?rest_route=\/wp\/v2\/pages"}],"about":[{"href":"https:\/\/agencialebrun.com.br\/index.php?rest_route=\/wp\/v2\/types\/page"}],"author":[{"embeddable":true,"href":"https:\/\/agencialebrun.com.br\/index.php?rest_route=\/wp\/v2\/users\/1"}],"replies":[{"embeddable":true,"href":"https:\/\/agencialebrun.com.br\/index.php?rest_route=%2Fwp%2Fv2%2Fcomments&post=2275"}],"version-history":[{"count":16,"href":"https:\/\/agencialebrun.com.br\/index.php?rest_route=\/wp\/v2\/pages\/2275\/revisions"}],"predecessor-version":[{"id":2413,"href":"https:\/\/agencialebrun.com.br\/index.php?rest_route=\/wp\/v2\/pages\/2275\/revisions\/2413"}],"wp:attachment":[{"href":"https:\/\/agencialebrun.com.br\/index.php?rest_route=%2Fwp%2Fv2%2Fmedia&parent=2275"}],"curies":[{"name":"wp","href":"https:\/\/api.w.org\/{rel}","templated":true}]}}