{"id":2206,"date":"2019-04-28T18:31:21","date_gmt":"2019-04-28T21:31:21","guid":{"rendered":"http:\/\/www.agencialebrun.com.br\/?page_id=2206"},"modified":"2019-12-21T19:55:45","modified_gmt":"2019-12-21T21:55:45","slug":"depoimentos","status":"publish","type":"page","link":"https:\/\/agencialebrun.com.br\/?page_id=2206","title":{"rendered":"Depoimentos"},"content":{"rendered":"<div class=\"wpb-content-wrapper\"><p>[vc_row][vc_column][vc_row_inner][vc_column_inner width=&#8221;1\/3&#8243;][vc_column_text]<\/p>\n<div id=\"wpfp_59971b4c00022a64554ab489cd4e1951\" data-item=\"{&quot;sources&quot;:[{&quot;src&quot;:&quot;http:\\\/\\\/www.agencialebrun.com.br\\\/wp-content\\\/uploads\\\/2019\\\/05\\\/Depoimento-em-vi\\u0301deo-Mo\\u0301veis-Forte.mp4&quot;,&quot;type&quot;:&quot;video\\\/mp4&quot;}],&quot;id&quot;:&quot;1&quot;,&quot;splash&quot;:&quot;http:\\\/\\\/www.agencialebrun.com.br\\\/wp-content\\\/uploads\\\/2019\\\/03\\\/forte.jpg&quot;}\" class=\"flowplayer no-brand is-splash is-paused skin-youtuby no-svg fp-full  bottom-fs\" data-fv-embed=\"https:\/\/agencialebrun.com.br\/?page_id=2206&amp;fv_player_embed=fvp-1\" style=\"position:relative; max-width: 640px; max-height: 360px; \" data-ratio=\"0.5625\">\n\t<div class=\"fp-ratio\" style=\"padding-top: 56.25%\"><\/div>\n\t<img decoding=\"async\" class=\"fp-splash\" alt=\"video\" src=\"http:\/\/www.agencialebrun.com.br\/wp-content\/uploads\/2019\/03\/forte.jpg\" style=\"position:absolute;top:0;width:100%\" \/>\n\t<div class=\"fp-ui\"><noscript>Please enable JavaScript<\/noscript><div class=\"fp-play fp-visible\"><svg class=\"fp-play-rounded-fill\" xmlns=\"http:\/\/www.w3.org\/2000\/svg\" viewBox=\"0 0 100 100\"><defs><style>.a{fill:#000;opacity:0.65;}.b{fill:#fff;opacity:1.0;}<\/style><\/defs><title>play-rounded-fill<\/title><path class=\"fp-color-play\" d=\"M49.9217-.078a50,50,0,1,0,50,50A50.0564,50.0564,0,0,0,49.9217-.078Z\"\/><path class=\"b\" d=\"M35.942,35.2323c0-4.7289,3.3506-6.6637,7.446-4.2971L68.83,45.6235c4.0956,2.364,4.0956,6.2319,0,8.5977L43.388,68.91c-4.0954,2.364-7.446.43-7.446-4.2979Z\" filter=\"url(#f1)\"\/><\/svg><\/div><div class=\"fp-preload\"><b><\/b><b><\/b><b><\/b><b><\/b><\/div><\/div>\n<div class='fvp-share-bar'><ul class=\"fvp-sharing\">\r\n    <li><a class=\"sharing-facebook\" href=\"https:\/\/www.facebook.com\/sharer\/sharer.php?u=https%3A%2F%2Fagencialebrun.com.br%2F%3Fpage_id%3D2206\" target=\"_blank\"><\/a><\/li>\r\n    <li><a class=\"sharing-twitter\" href=\"https:\/\/twitter.com\/intent\/tweet?text=Ag%C3%AAncia+Lebrun+&url=https%3A%2F%2Fagencialebrun.com.br%2F%3Fpage_id%3D2206\" target=\"_blank\"><\/a><\/li>\r\n    <li><a class=\"sharing-email\" href=\"mailto:?body=Check%20out%20the%20amazing%20video%20here%3A%20https%3A%2F%2Fagencialebrun.com.br%2F%3Fpage_id%3D2206\" target=\"_blank\"><\/a><\/li><\/ul><div><a class=\"sharing-link\" href=\"https:\/\/agencialebrun.com.br\/?page_id=2206\" target=\"_blank\">Link<\/a><\/div><div><label><a class=\"embed-code-toggle\" href=\"#\"><strong>Embed<\/strong><\/a><\/label><\/div><div class=\"embed-code\"><label>Copy and paste this HTML code into your webpage to embed.<\/label><textarea><\/textarea><\/div><\/div>\n<\/div>\n\n<p>[\/vc_column_text][\/vc_column_inner][vc_column_inner width=&#8221;1\/3&#8243;][vc_column_text]<\/p>\n<div id=\"wpfp_bb63f6b49dde8dabf98f583a545f2a1e\" data-item=\"{&quot;sources&quot;:[{&quot;src&quot;:&quot;http:\\\/\\\/www.agencialebrun.com.br\\\/wp-content\\\/uploads\\\/2020\\\/03\\\/Caso-de-Sucesso-HidroServ.mp4&quot;,&quot;type&quot;:&quot;video\\\/mp4&quot;}],&quot;id&quot;:&quot;2&quot;,&quot;splash&quot;:&quot;http:\\\/\\\/www.agencialebrun.com.br\\\/wp-content\\\/uploads\\\/2019\\\/03\\\/hidroserv.jpg&quot;}\" class=\"flowplayer no-brand is-splash is-paused skin-youtuby no-svg fp-full  bottom-fs\" data-fv-embed=\"https:\/\/agencialebrun.com.br\/?page_id=2206&amp;fv_player_embed=fvp-2\" style=\"position:relative; max-width: 640px; max-height: 360px; \" data-ratio=\"0.5625\">\n\t<div class=\"fp-ratio\" style=\"padding-top: 56.25%\"><\/div>\n\t<img decoding=\"async\" class=\"fp-splash\" alt=\"video\" src=\"http:\/\/www.agencialebrun.com.br\/wp-content\/uploads\/2019\/03\/hidroserv.jpg\" style=\"position:absolute;top:0;width:100%\" \/>\n\t<div class=\"fp-ui\"><noscript>Please enable JavaScript<\/noscript><div class=\"fp-play fp-visible\"><svg class=\"fp-play-rounded-fill\" xmlns=\"http:\/\/www.w3.org\/2000\/svg\" viewBox=\"0 0 100 100\"><defs><style>.a{fill:#000;opacity:0.65;}.b{fill:#fff;opacity:1.0;}<\/style><\/defs><title>play-rounded-fill<\/title><path class=\"fp-color-play\" d=\"M49.9217-.078a50,50,0,1,0,50,50A50.0564,50.0564,0,0,0,49.9217-.078Z\"\/><path class=\"b\" d=\"M35.942,35.2323c0-4.7289,3.3506-6.6637,7.446-4.2971L68.83,45.6235c4.0956,2.364,4.0956,6.2319,0,8.5977L43.388,68.91c-4.0954,2.364-7.446.43-7.446-4.2979Z\" filter=\"url(#f1)\"\/><\/svg><\/div><div class=\"fp-preload\"><b><\/b><b><\/b><b><\/b><b><\/b><\/div><\/div>\n<div class='fvp-share-bar'><ul class=\"fvp-sharing\">\r\n    <li><a class=\"sharing-facebook\" href=\"https:\/\/www.facebook.com\/sharer\/sharer.php?u=https%3A%2F%2Fagencialebrun.com.br%2F%3Fpage_id%3D2206\" target=\"_blank\"><\/a><\/li>\r\n    <li><a class=\"sharing-twitter\" href=\"https:\/\/twitter.com\/intent\/tweet?text=Ag%C3%AAncia+Lebrun+&url=https%3A%2F%2Fagencialebrun.com.br%2F%3Fpage_id%3D2206\" target=\"_blank\"><\/a><\/li>\r\n    <li><a class=\"sharing-email\" href=\"mailto:?body=Check%20out%20the%20amazing%20video%20here%3A%20https%3A%2F%2Fagencialebrun.com.br%2F%3Fpage_id%3D2206\" target=\"_blank\"><\/a><\/li><\/ul><div><a class=\"sharing-link\" href=\"https:\/\/agencialebrun.com.br\/?page_id=2206\" target=\"_blank\">Link<\/a><\/div><div><label><a class=\"embed-code-toggle\" href=\"#\"><strong>Embed<\/strong><\/a><\/label><\/div><div class=\"embed-code\"><label>Copy and paste this HTML code into your webpage to embed.<\/label><textarea><\/textarea><\/div><\/div>\n<\/div>\n\n<p>[\/vc_column_text][\/vc_column_inner][vc_column_inner width=&#8221;1\/3&#8243;][vc_column_text]<\/p>\n<div id=\"wpfp_750df4a5a18b0bae04ac095ca0d52ce0\" data-item=\"{&quot;sources&quot;:[{&quot;src&quot;:&quot;http:\\\/\\\/www.agencialebrun.com.br\\\/wp-content\\\/uploads\\\/2019\\\/12\\\/Depoimento-Ecovita-M\\u00f3veis-de-Pinus.mp4&quot;,&quot;type&quot;:&quot;video\\\/mp4&quot;}],&quot;id&quot;:&quot;3&quot;,&quot;splash&quot;:&quot;http:\\\/\\\/www.agencialebrun.com.br\\\/wp-content\\\/uploads\\\/2019\\\/12\\\/ecovita.jpg&quot;}\" class=\"flowplayer no-brand is-splash is-paused skin-youtuby no-svg fp-full  bottom-fs\" data-fv-embed=\"https:\/\/agencialebrun.com.br\/?page_id=2206&amp;fv_player_embed=fvp-3\" style=\"position:relative; max-width: 640px; max-height: 360px; \" data-ratio=\"0.5625\">\n\t<div class=\"fp-ratio\" style=\"padding-top: 56.25%\"><\/div>\n\t<img decoding=\"async\" class=\"fp-splash\" alt=\"video\" src=\"http:\/\/www.agencialebrun.com.br\/wp-content\/uploads\/2019\/12\/ecovita.jpg\" style=\"position:absolute;top:0;width:100%\" \/>\n\t<div class=\"fp-ui\"><noscript>Please enable JavaScript<\/noscript><div class=\"fp-play fp-visible\"><svg class=\"fp-play-rounded-fill\" xmlns=\"http:\/\/www.w3.org\/2000\/svg\" viewBox=\"0 0 100 100\"><defs><style>.a{fill:#000;opacity:0.65;}.b{fill:#fff;opacity:1.0;}<\/style><\/defs><title>play-rounded-fill<\/title><path class=\"fp-color-play\" d=\"M49.9217-.078a50,50,0,1,0,50,50A50.0564,50.0564,0,0,0,49.9217-.078Z\"\/><path class=\"b\" d=\"M35.942,35.2323c0-4.7289,3.3506-6.6637,7.446-4.2971L68.83,45.6235c4.0956,2.364,4.0956,6.2319,0,8.5977L43.388,68.91c-4.0954,2.364-7.446.43-7.446-4.2979Z\" filter=\"url(#f1)\"\/><\/svg><\/div><div class=\"fp-preload\"><b><\/b><b><\/b><b><\/b><b><\/b><\/div><\/div>\n<div class='fvp-share-bar'><ul class=\"fvp-sharing\">\r\n    <li><a class=\"sharing-facebook\" href=\"https:\/\/www.facebook.com\/sharer\/sharer.php?u=https%3A%2F%2Fagencialebrun.com.br%2F%3Fpage_id%3D2206\" target=\"_blank\"><\/a><\/li>\r\n    <li><a class=\"sharing-twitter\" href=\"https:\/\/twitter.com\/intent\/tweet?text=Ag%C3%AAncia+Lebrun+&url=https%3A%2F%2Fagencialebrun.com.br%2F%3Fpage_id%3D2206\" target=\"_blank\"><\/a><\/li>\r\n    <li><a class=\"sharing-email\" href=\"mailto:?body=Check%20out%20the%20amazing%20video%20here%3A%20https%3A%2F%2Fagencialebrun.com.br%2F%3Fpage_id%3D2206\" target=\"_blank\"><\/a><\/li><\/ul><div><a class=\"sharing-link\" href=\"https:\/\/agencialebrun.com.br\/?page_id=2206\" target=\"_blank\">Link<\/a><\/div><div><label><a class=\"embed-code-toggle\" href=\"#\"><strong>Embed<\/strong><\/a><\/label><\/div><div class=\"embed-code\"><label>Copy and paste this HTML code into your webpage to embed.<\/label><textarea><\/textarea><\/div><\/div>\n<\/div>\n\n<p>[\/vc_column_text][\/vc_column_inner][\/vc_row_inner][vc_row_inner][vc_column_inner width=&#8221;1\/3&#8243;][vc_column_text]<\/p>\n<div id=\"wpfp_e5425f1ce32f3ebf3f59f5f0cd12b1a0\" data-item=\"{&quot;sources&quot;:[{&quot;src&quot;:&quot;http:\\\/\\\/www.agencialebrun.com.br\\\/wp-content\\\/uploads\\\/2019\\\/12\\\/Depoimento-Qualit\\u00e9-Eventos.mp4&quot;,&quot;type&quot;:&quot;video\\\/mp4&quot;}],&quot;id&quot;:&quot;4&quot;,&quot;splash&quot;:&quot;http:\\\/\\\/www.agencialebrun.com.br\\\/wp-content\\\/uploads\\\/2019\\\/03\\\/qualite.jpg&quot;}\" class=\"flowplayer no-brand is-splash is-paused skin-youtuby no-svg fp-full  bottom-fs\" data-fv-embed=\"https:\/\/agencialebrun.com.br\/?page_id=2206&amp;fv_player_embed=fvp-4\" style=\"position:relative; max-width: 640px; max-height: 360px; \" data-ratio=\"0.5625\">\n\t<div class=\"fp-ratio\" style=\"padding-top: 56.25%\"><\/div>\n\t<img decoding=\"async\" class=\"fp-splash\" alt=\"video\" src=\"http:\/\/www.agencialebrun.com.br\/wp-content\/uploads\/2019\/03\/qualite.jpg\" style=\"position:absolute;top:0;width:100%\" \/>\n\t<div class=\"fp-ui\"><noscript>Please enable JavaScript<\/noscript><div class=\"fp-play fp-visible\"><svg class=\"fp-play-rounded-fill\" xmlns=\"http:\/\/www.w3.org\/2000\/svg\" viewBox=\"0 0 100 100\"><defs><style>.a{fill:#000;opacity:0.65;}.b{fill:#fff;opacity:1.0;}<\/style><\/defs><title>play-rounded-fill<\/title><path class=\"fp-color-play\" d=\"M49.9217-.078a50,50,0,1,0,50,50A50.0564,50.0564,0,0,0,49.9217-.078Z\"\/><path class=\"b\" d=\"M35.942,35.2323c0-4.7289,3.3506-6.6637,7.446-4.2971L68.83,45.6235c4.0956,2.364,4.0956,6.2319,0,8.5977L43.388,68.91c-4.0954,2.364-7.446.43-7.446-4.2979Z\" filter=\"url(#f1)\"\/><\/svg><\/div><div class=\"fp-preload\"><b><\/b><b><\/b><b><\/b><b><\/b><\/div><\/div>\n<div class='fvp-share-bar'><ul class=\"fvp-sharing\">\r\n    <li><a class=\"sharing-facebook\" href=\"https:\/\/www.facebook.com\/sharer\/sharer.php?u=https%3A%2F%2Fagencialebrun.com.br%2F%3Fpage_id%3D2206\" target=\"_blank\"><\/a><\/li>\r\n    <li><a class=\"sharing-twitter\" href=\"https:\/\/twitter.com\/intent\/tweet?text=Ag%C3%AAncia+Lebrun+&url=https%3A%2F%2Fagencialebrun.com.br%2F%3Fpage_id%3D2206\" target=\"_blank\"><\/a><\/li>\r\n    <li><a class=\"sharing-email\" href=\"mailto:?body=Check%20out%20the%20amazing%20video%20here%3A%20https%3A%2F%2Fagencialebrun.com.br%2F%3Fpage_id%3D2206\" target=\"_blank\"><\/a><\/li><\/ul><div><a class=\"sharing-link\" href=\"https:\/\/agencialebrun.com.br\/?page_id=2206\" target=\"_blank\">Link<\/a><\/div><div><label><a class=\"embed-code-toggle\" href=\"#\"><strong>Embed<\/strong><\/a><\/label><\/div><div class=\"embed-code\"><label>Copy and paste this HTML code into your webpage to embed.<\/label><textarea><\/textarea><\/div><\/div>\n<\/div>\n\n<p>[\/vc_column_text][\/vc_column_inner][vc_column_inner width=&#8221;1\/3&#8243;][vc_column_text]<\/p>\n<div id=\"wpfp_9d286993358a62082ff00e29ed28d145\" data-item=\"{&quot;sources&quot;:[{&quot;src&quot;:&quot;http:\\\/\\\/www.agencialebrun.com.br\\\/wp-content\\\/uploads\\\/2019\\\/12\\\/Depoimento-Santa-F\\u00e9-Pizzaria-1.mp4&quot;,&quot;type&quot;:&quot;video\\\/mp4&quot;}],&quot;id&quot;:&quot;5&quot;,&quot;splash&quot;:&quot;http:\\\/\\\/www.agencialebrun.com.br\\\/wp-content\\\/uploads\\\/2019\\\/12\\\/santafe.jpg&quot;}\" class=\"flowplayer no-brand is-splash is-paused skin-youtuby no-svg fp-full  bottom-fs\" data-fv-embed=\"https:\/\/agencialebrun.com.br\/?page_id=2206&amp;fv_player_embed=fvp-5\" style=\"position:relative; max-width: 640px; max-height: 360px; \" data-ratio=\"0.5625\">\n\t<div class=\"fp-ratio\" style=\"padding-top: 56.25%\"><\/div>\n\t<img decoding=\"async\" class=\"fp-splash\" alt=\"video\" src=\"http:\/\/www.agencialebrun.com.br\/wp-content\/uploads\/2019\/12\/santafe.jpg\" style=\"position:absolute;top:0;width:100%\" \/>\n\t<div class=\"fp-ui\"><noscript>Please enable JavaScript<\/noscript><div class=\"fp-play fp-visible\"><svg class=\"fp-play-rounded-fill\" xmlns=\"http:\/\/www.w3.org\/2000\/svg\" viewBox=\"0 0 100 100\"><defs><style>.a{fill:#000;opacity:0.65;}.b{fill:#fff;opacity:1.0;}<\/style><\/defs><title>play-rounded-fill<\/title><path class=\"fp-color-play\" d=\"M49.9217-.078a50,50,0,1,0,50,50A50.0564,50.0564,0,0,0,49.9217-.078Z\"\/><path class=\"b\" d=\"M35.942,35.2323c0-4.7289,3.3506-6.6637,7.446-4.2971L68.83,45.6235c4.0956,2.364,4.0956,6.2319,0,8.5977L43.388,68.91c-4.0954,2.364-7.446.43-7.446-4.2979Z\" filter=\"url(#f1)\"\/><\/svg><\/div><div class=\"fp-preload\"><b><\/b><b><\/b><b><\/b><b><\/b><\/div><\/div>\n<div class='fvp-share-bar'><ul class=\"fvp-sharing\">\r\n    <li><a class=\"sharing-facebook\" href=\"https:\/\/www.facebook.com\/sharer\/sharer.php?u=https%3A%2F%2Fagencialebrun.com.br%2F%3Fpage_id%3D2206\" target=\"_blank\"><\/a><\/li>\r\n    <li><a class=\"sharing-twitter\" href=\"https:\/\/twitter.com\/intent\/tweet?text=Ag%C3%AAncia+Lebrun+&url=https%3A%2F%2Fagencialebrun.com.br%2F%3Fpage_id%3D2206\" target=\"_blank\"><\/a><\/li>\r\n    <li><a class=\"sharing-email\" href=\"mailto:?body=Check%20out%20the%20amazing%20video%20here%3A%20https%3A%2F%2Fagencialebrun.com.br%2F%3Fpage_id%3D2206\" target=\"_blank\"><\/a><\/li><\/ul><div><a class=\"sharing-link\" href=\"https:\/\/agencialebrun.com.br\/?page_id=2206\" target=\"_blank\">Link<\/a><\/div><div><label><a class=\"embed-code-toggle\" href=\"#\"><strong>Embed<\/strong><\/a><\/label><\/div><div class=\"embed-code\"><label>Copy and paste this HTML code into your webpage to embed.<\/label><textarea><\/textarea><\/div><\/div>\n<\/div>\n\n<p>[\/vc_column_text][\/vc_column_inner][vc_column_inner width=&#8221;1\/3&#8243;][\/vc_column_inner][\/vc_row_inner][\/vc_column][\/vc_row][vc_row disable_element=&#8221;yes&#8221; overlay_dotted=&#8221;&#8221;][vc_column][vc_column_text]<img loading=\"lazy\" decoding=\"async\" class=\"alignnone size-medium wp-image-2208\" src=\"http:\/\/www.agencialebrun.com.br\/wp-content\/uploads\/2019\/04\/Untitled-7-300x90.png\" alt=\"\" width=\"300\" height=\"90\" \/><\/p>\n<p>O servi\u00e7o prestado \u00e0 Hidroserv foi basicamente relacionado \u00e0 cria\u00e7\u00e3o de m\u00eddias sociais e a integra\u00e7\u00e3o entre elas<br \/>\n(Projeto Transm\u00eddia). Tivemos o suporte sobre quais m\u00eddias criar, como alcan\u00e7ar pessoas e conquistar clientes, como<br \/>\nmontar um calend\u00e1rio de postagens e, principalmente, como promover a integra\u00e7\u00e3o entre essas redes sociais e<br \/>\nfazer com que um usu\u00e1rio online se tornasse um cliente nosso. Al\u00e9m do Projeto Transm\u00eddia, foram desenvolvidas<br \/>\nreuni\u00f5es secund\u00e1rias a fim de fazer aumentar o \u00edndice de vendas.<\/p>\n<p>A consultoria do Sr. Ant\u00f4nio Roma mostrou que a atua\u00e7\u00e3o da empresa nas m\u00eddias sociais n\u00e3o deve ser esquecida ou<br \/>\nmenosprezada e que \u00e9 uma atividade imprescind\u00edvel para o desenvolvimento do trabalho e para a conquista de<br \/>\ncada vez mais clientes. Com uma metodologia clara de reuni\u00f5es peri\u00f3dicas e com checagem sobre as metas<br \/>\ndefinidas, o Projeto Transm\u00eddia aconteceu.<\/p>\n<p>As reuni\u00f5es foram instrutivas e nelas definimos metodologia para alcan\u00e7ar nossos objetivos. Posturas e atividades<br \/>\ncomo inserir depoimentos no site, criar \u00edndices para que pud\u00e9ssemos medir nosso aproveitamento e cumprir os<br \/>\nprazos estabelecidos ajudaram em todo e processo e nos fez crescer. Somos gratos pelos servi\u00e7os prestados e<br \/>\nvalorizamos a parceria criada.<\/p>\n<p><strong>Cl\u00e1udia Ferreira<\/strong><br \/>\nFinanceiro e Administrativo<\/p>\n<hr \/>\n<p><img loading=\"lazy\" decoding=\"async\" class=\"alignnone size-full wp-image-2235\" src=\"http:\/\/www.agencialebrun.com.br\/wp-content\/uploads\/2019\/04\/qualit\u00e9.png\" alt=\"\" width=\"277\" height=\"79\" \/><\/p>\n<p>Todo sucesso \u00e9 fruto de um grande trabalho em equipe.<\/p>\n<p>Agradecemos pela inspira\u00e7\u00e3o da Ag\u00eancia Lebrun em especial ao profissional Ant\u00f4nio Roma que \u00e9 um grande exemplo de empres\u00e1rio e atuando no mercado da Bahia h\u00e1 mais de 30 anos com compromisso e honra.<br \/>\n\u00c9 um privil\u00e9gio a oportunidade de recebermos o seu atendimento personalizado e servi\u00e7o de excel\u00eancia.<\/p>\n<p>Nesses 05 anos de parceria s\u00f3 temos a agradecer a voc\u00ea pela sua pessoa e empres\u00e1rio extraordin\u00e1rio.Nosso reconhecimento extensivo a todos da sua ex\u00edmia equipe.<\/p>\n<p>Desejamos ainda mais sucesso e estamos juntos!<\/p>\n<p><strong>Ana Paula Doria<br \/>\n<\/strong>Grupo Qualit\u00e9[\/vc_column_text][\/vc_column][\/vc_row][vc_row disable_element=&#8221;yes&#8221; overlay_dotted=&#8221;&#8221;][vc_column][vc_btn title=&#8221;Fale com um consultor agora&#8221; color=&#8221;warning&#8221; size=&#8221;lg&#8221; i_icon_fontawesome=&#8221;fa fa-comments-o&#8221; add_icon=&#8221;true&#8221; link=&#8221;url:http%3A%2F%2Fwww.agencialebrun.com.br%2Fcontato%2F|||&#8221;][\/vc_column][\/vc_row][vc_row full_width=&#8221;stretch_row_content&#8221; content_placement=&#8221;top&#8221; overlay_dotted=&#8221;&#8221;][vc_column]    <section class=\"unva-testimonials  unva-testi-carousel-6a0584e9387f1 \">\n      <div class=\"container\">\n        <div class=\"owl-carousel\"  data-loop=\"true\" data-items=\"1\" data-dots=\"true\" data-margin=\"60\" data-autoplay=\"true\" data-mouse-drag=\"true\" data-items-tablet=\"1\" data-items-mobile-landscape=\"1\" data-items-mobile-portrait=\"1\"> <!-- Testimonial Starts -->\n\n        \n        <div class=\"item\">\n          <div class=\"unva-item testimonial-item\">\n            <div class=\"unva-icon\"><img decoding=\"async\" src=\"https:\/\/agencialebrun.com.br\/wp-content\/uploads\/2019\/03\/ladohana.jpg\" alt=\"Airbnb\"><\/div>            <p style=\"font-weight: 400;\">Conhecemos a ag\u00eancia LEBRUN atrav\u00e9s do Ant\u00f4nio Roma, que nos apresentou uma fant\u00e1stica ferramenta chamada de Louyt para facilitar a comunica\u00e7\u00e3o com os nossos clientes bem como divulgar promo\u00e7\u00f5es via SMS, Whatsapp e redes sociais.<\/p>\n<p style=\"font-weight: 400;\">Com uma plataforma intuitiva e de f\u00e1cil manuseio, foi poss\u00edvel criar landpages bonitas e atrativas de forma r\u00e1pida, sem demandar de conhecimentos especiais em linguagem de programa\u00e7\u00e3o HTML.<\/p>\n<p style=\"font-weight: 400;\">Acima de tudo, a LEBRUN se coloca como consultores de marketing e n\u00e3o apenas oferecem a ferramenta, mas tamb\u00e9m todo um suporte e know-how para fazer com que voc\u00ea tenha \u00eaxito em suas campanhas, sempre ao lado do cliente, pensando junto em novas ideias e formas criativas de aplicar a ferramenta para vender m<\/p>\n            <h4 class=\"author-name\"><span >F\u00e1bio Chagas<\/span><\/h4><h5 class=\"author-designation\"><span >Propriet\u00e1rio<\/span><\/h5>          <\/div>\n        <\/div>\n\n        \n        <div class=\"item\">\n          <div class=\"unva-item testimonial-item\">\n            <div class=\"unva-icon\"><img decoding=\"async\" src=\"https:\/\/agencialebrun.com.br\/wp-content\/uploads\/2019\/04\/qualit\u00e9.png\" alt=\"Airbnb\"><\/div>            <p>Todo sucesso \u00e9 fruto de um grande trabalho em equipe.<\/p>\n<p>Agradecemos pela inspira\u00e7\u00e3o da Ag\u00eancia Lebrun em especial ao profissional Ant\u00f4nio Roma que \u00e9 um grande exemplo de empres\u00e1rio e atuando no mercado da Bahia h\u00e1 mais de 30 anos com compromisso e honra.<br \/>\n\u00c9 um privil\u00e9gio a oportunidade de recebermos o seu atendimento personalizado e servi\u00e7o de excel\u00eancia.<\/p>\n<p>Nesses 05 anos de parceria s\u00f3 temos a agradecer a voc\u00ea pela sua pessoa e empres\u00e1rio extraordin\u00e1rio.Nosso reconhecimento extensivo a todos da sua ex\u00edmia equipe.<\/p>\n<p>Desejamos ainda mais sucesso e estamos juntos!<\/p>\n            <h4 class=\"author-name\"><span >Ana Paula D\u00f3ria<\/span><\/h4><h5 class=\"author-designation\"><span >Grupo Qualit\u00e9<\/span><\/h5>          <\/div>\n        <\/div>\n\n        \n        <div class=\"item\">\n          <div class=\"unva-item testimonial-item\">\n            <div class=\"unva-icon\"><img decoding=\"async\" src=\"https:\/\/agencialebrun.com.br\/wp-content\/uploads\/2019\/04\/Untitled-7.png\" alt=\"Airbnb\"><\/div>            <p>O servi\u00e7o prestado \u00e0 Hidroserv foi basicamente relacionado \u00e0 cria\u00e7\u00e3o de m\u00eddias sociais e a integra\u00e7\u00e3o entre elas<br \/>\n(Projeto Transm\u00eddia). Tivemos o suporte sobre quais m\u00eddias criar, como alcan\u00e7ar pessoas e conquistar clientes, como<br \/>\nmontar um calend\u00e1rio de postagens e, principalmente, como promover a integra\u00e7\u00e3o entre essas redes sociais e<br \/>\nfazer com que um usu\u00e1rio online se tornasse um cliente nosso. Al\u00e9m do Projeto Transm\u00eddia, foram desenvolvidas<br \/>\nreuni\u00f5es secund\u00e1rias a fim de fazer aumentar o \u00edndice de vendas.<\/p>\n<p>A consultoria do Sr. Ant\u00f4nio Roma mostrou que a atua\u00e7\u00e3o da empresa nas m\u00eddias sociais n\u00e3o deve ser esquecida ou<br \/>\nmenosprezada e que \u00e9 uma atividade imprescind\u00edvel para o desenvolvimento do trabalho e para a conquista de<br \/>\ncada vez mais clientes. Com uma metodologia clara de reuni\u00f5es peri\u00f3dicas e com checagem sobre as metas<br \/>\ndefinidas, o Projeto Transm\u00eddia aconteceu.<\/p>\n<p>As reuni\u00f5es foram instrutivas e nelas definimos metodologia para alcan\u00e7ar nossos objetivos. Posturas e atividades<br \/>\ncomo inserir depoimentos no site, criar \u00edndices para que pud\u00e9ssemos medir nosso aproveitamento e cumprir os<br \/>\nprazos estabelecidos ajudaram em todo e processo e nos fez crescer. Somos gratos pelos servi\u00e7os prestados e<br \/>\nvalorizamos a parceria criada.<\/p>\n            <h4 class=\"author-name\"><span >Cl\u00e1udia Ferreira<\/span><\/h4><h5 class=\"author-designation\"><span >Financeiro e Administrativo<\/span><\/h5>          <\/div>\n        <\/div>\n\n        \n        <\/div> <!-- Container -->\n      <\/div> <!-- Owl Carousel -->\n    <\/section> <!-- Testimonial End -->\n\n[\/vc_column][\/vc_row]<\/p>\n<\/div>","protected":false},"excerpt":{"rendered":"[vc_row][vc_column][vc_row_inner][vc_column_inner width=&#8221;1\/3&#8243;][vc_column_text] [\/vc_column_text][\/vc_column_inner][vc_column_inner width=&#8221;1\/3&#8243;][vc_column_text] [\/vc_column_text][\/vc_column_inner][vc_column_inner width=&#8221;1\/3&#8243;][vc_column_text] [\/vc_column_text][\/vc_column_inner][\/vc_row_inner][vc_row_inner][vc_column_inner width=&#8221;1\/3&#8243;][vc_column_text] [\/vc_column_text][\/vc_column_inner][vc_column_inner width=&#8221;1\/3&#8243;][vc_column_text] [\/vc_column_text][\/vc_column_inner][vc_column_inner width=&#8221;1\/3&#8243;][\/vc_column_inner][\/vc_row_inner][\/vc_column][\/vc_row][vc_row disable_element=&#8221;yes&#8221; overlay_dotted=&#8221;&#8221;][vc_column][vc_column_text] O servi\u00e7o prestado \u00e0 Hidroserv foi basicamente relacionado \u00e0 cria\u00e7\u00e3o de m\u00eddias sociais e a integra\u00e7\u00e3o[&#8230;]","protected":false},"author":1,"featured_media":0,"parent":0,"menu_order":0,"comment_status":"closed","ping_status":"closed","template":"","meta":{"footnotes":""},"class_list":["post-2206","page","type-page","status-publish","hentry"],"_links":{"self":[{"href":"https:\/\/agencialebrun.com.br\/index.php?rest_route=\/wp\/v2\/pages\/2206","targetHints":{"allow":["GET"]}}],"collection":[{"href":"https:\/\/agencialebrun.com.br\/index.php?rest_route=\/wp\/v2\/pages"}],"about":[{"href":"https:\/\/agencialebrun.com.br\/index.php?rest_route=\/wp\/v2\/types\/page"}],"author":[{"embeddable":true,"href":"https:\/\/agencialebrun.com.br\/index.php?rest_route=\/wp\/v2\/users\/1"}],"replies":[{"embeddable":true,"href":"https:\/\/agencialebrun.com.br\/index.php?rest_route=%2Fwp%2Fv2%2Fcomments&post=2206"}],"version-history":[{"count":22,"href":"https:\/\/agencialebrun.com.br\/index.php?rest_route=\/wp\/v2\/pages\/2206\/revisions"}],"predecessor-version":[{"id":2440,"href":"https:\/\/agencialebrun.com.br\/index.php?rest_route=\/wp\/v2\/pages\/2206\/revisions\/2440"}],"wp:attachment":[{"href":"https:\/\/agencialebrun.com.br\/index.php?rest_route=%2Fwp%2Fv2%2Fmedia&parent=2206"}],"curies":[{"name":"wp","href":"https:\/\/api.w.org\/{rel}","templated":true}]}}