{"id":2145,"date":"2019-04-27T18:26:06","date_gmt":"2019-04-27T21:26:06","guid":{"rendered":"http:\/\/www.agencialebrun.com.br\/?page_id=2145"},"modified":"2019-04-27T18:26:06","modified_gmt":"2019-04-27T21:26:06","slug":"pesquisa-de-mercado-online-mobile","status":"publish","type":"page","link":"https:\/\/agencialebrun.com.br\/?page_id=2145","title":{"rendered":"Pesquisa de Mercado Online Mobile"},"content":{"rendered":"<p>O objetivo da an\u00e1lise de mercado \u00e9 compreender as din\u00e2micas do mercado. \u00c9 necess\u00e1rio identificar os fatores-chaves de sucesso que est\u00e3o em surgimento, as tend\u00eancias, amea\u00e7as e oportunidades, assim como as incertezas estrat\u00e9gicas que podem orientar a coleta de informa\u00e7\u00e3o e sua an\u00e1lise.<\/p>\n<p>A principal raz\u00e3o para uma organiza\u00e7\u00e3o adotar a pesquisa de mercado \u00e9 a descoberta de uma oportunidade de mercado. Uma vez com a pesquisa conclu\u00edda, a empresa deve, cuidadosamente, avaliar suas oportunidades e decidir em que mercados entrar. Os mercad\u00f3logos dependem ainda da pesquisa de mercado para determinar aquilo que os consumidores querem e quanto est\u00e3o dispostos a pagar. Eles esperam que este processo lhes confira uma vantagem competitiva sustent\u00e1vel.<\/p>\n<p>Benef\u00edcios<\/p>\n<p>1. Permite conhecer o consumidor<br \/>\n2. Possibilita conhecer a concorr\u00eancia<br \/>\n3. Ajuda a direcionar novos produtos ou servi\u00e7os<br \/>\n4. Torna poss\u00edvel implementar melhorias nos produtos e servi\u00e7os oferecidos<br \/>\n5. Mede a satisfa\u00e7\u00e3o do consumidor<br \/>\n6. Ajuda na identifica\u00e7\u00e3o de oportunidades<br \/>\n7. Permite uma gest\u00e3o mais consciente<\/p>\n","protected":false},"excerpt":{"rendered":"O objetivo da an\u00e1lise de mercado \u00e9 compreender as din\u00e2micas do mercado. \u00c9 necess\u00e1rio identificar os fatores-chaves de sucesso que est\u00e3o em surgimento, as tend\u00eancias, amea\u00e7as e oportunidades, assim como[&#8230;]","protected":false},"author":1,"featured_media":0,"parent":0,"menu_order":0,"comment_status":"closed","ping_status":"closed","template":"","meta":{"footnotes":""},"class_list":["post-2145","page","type-page","status-publish","hentry"],"_links":{"self":[{"href":"https:\/\/agencialebrun.com.br\/index.php?rest_route=\/wp\/v2\/pages\/2145","targetHints":{"allow":["GET"]}}],"collection":[{"href":"https:\/\/agencialebrun.com.br\/index.php?rest_route=\/wp\/v2\/pages"}],"about":[{"href":"https:\/\/agencialebrun.com.br\/index.php?rest_route=\/wp\/v2\/types\/page"}],"author":[{"embeddable":true,"href":"https:\/\/agencialebrun.com.br\/index.php?rest_route=\/wp\/v2\/users\/1"}],"replies":[{"embeddable":true,"href":"https:\/\/agencialebrun.com.br\/index.php?rest_route=%2Fwp%2Fv2%2Fcomments&post=2145"}],"version-history":[{"count":1,"href":"https:\/\/agencialebrun.com.br\/index.php?rest_route=\/wp\/v2\/pages\/2145\/revisions"}],"predecessor-version":[{"id":2147,"href":"https:\/\/agencialebrun.com.br\/index.php?rest_route=\/wp\/v2\/pages\/2145\/revisions\/2147"}],"wp:attachment":[{"href":"https:\/\/agencialebrun.com.br\/index.php?rest_route=%2Fwp%2Fv2%2Fmedia&parent=2145"}],"curies":[{"name":"wp","href":"https:\/\/api.w.org\/{rel}","templated":true}]}}