{"id":2138,"date":"2019-04-27T18:18:41","date_gmt":"2019-04-27T21:18:41","guid":{"rendered":"http:\/\/www.agencialebrun.com.br\/?page_id=2138"},"modified":"2019-04-27T18:21:09","modified_gmt":"2019-04-27T21:21:09","slug":"governanca-e-tecnologia-da-informacao","status":"publish","type":"page","link":"https:\/\/agencialebrun.com.br\/?page_id=2138","title":{"rendered":"Governan\u00e7a e Tecnologia da Informa\u00e7\u00e3o"},"content":{"rendered":"<p>Objetivos:<\/p>\n<p>Diagnosticar e propor solu\u00e7\u00f5es que contribuam para que as necessidades, decis\u00f5es e objetivos corporativos estejam alinhados com os objetivos de TI, al\u00e9m de estabelecer crit\u00e9rios de monitoramento e desempenho dos processos de governan\u00e7a e gest\u00e3o que assegurem o cumprimento das conformidades legais e normativas estabelecidas. Utiliza\u00e7\u00e3o de recursos tecnol\u00f3gicos e computacionais (hardware, software e comunica\u00e7\u00e3o de dados) para planejamento, gera\u00e7\u00e3o e uso da informa\u00e7\u00e3o e suporte aos processos de produ\u00e7\u00e3o e opera\u00e7\u00e3o.<\/p>\n<p>Benef\u00edcios:<\/p>\n<p>&#8211; Recursos otimizados<\/p>\n<p>Independente de seu tamanho e setor, a empresa precisa ter um controle de seus recursos, pois eles podem acabar. Ao contar com o aux\u00edlio da gest\u00e3o da governan\u00e7a, a TI consegue realizar uma melhor avalia\u00e7\u00e3o dos recursos dispon\u00edveis, para utiliz\u00e1-los de forma consciente, e planejar a aplica\u00e7\u00e3o de novos investimentos de acordo com as necessidades da empresa.<\/p>\n<p>&#8211; Minimiza os riscos<\/p>\n<p>Ao adotar o gerenciamento de riscos dentro da governan\u00e7a, a TI consegue ter um maior controle sobre as vulnerabilidades do sistema e prever os poss\u00edveis riscos que podem atrapalhar a continuidade dos neg\u00f3cios. A gest\u00e3o dos riscos avalia constantemente a seguran\u00e7a dos dados e, em casos de perigos de falha, ela \u00e9 capaz de criar um plano de conting\u00eancia para lidar com servi\u00e7os cr\u00edticos e recuper\u00e1-los o mais r\u00e1pido poss\u00edvel.<\/p>\n<p>&#8211; Acompanhamento de m\u00e9tricas<\/p>\n<p>Mais do que avaliar resultados com as m\u00e9tricas financeiras, as empresas passam a conquistar\/conseguir controle sobre diversos outros indicadores, como as m\u00e9tricas de produtividade, que podem ajudar na identifica\u00e7\u00e3o de falhas e necessidades nos processos produtivos. Dessa forma, as empresas conseguem implementar melhorias e otimizar o desempenho de toda a equipe.<\/p>\n<p>&#8211; Maior competitividade<\/p>\n<p>Ao realizar o alinhamento das estrat\u00e9gias corporativas com a governan\u00e7a de TI, as corpora\u00e7\u00f5es passam a contar com um grande diferencial competitivo. A TI passa a auxiliar nos neg\u00f3cios e cria diversas oportunidades, como a otimiza\u00e7\u00e3o de processos, redu\u00e7\u00e3o de custos, aumento da seguran\u00e7a, entre outros benef\u00edcios que s\u00e3o capazes de impulsionar a empresa no mercado e deix\u00e1-la \u00e0 frente de seus concorrentes. Os benef\u00edcios e possibilidades oferecidos pela governan\u00e7a de TI n\u00e3o param por a\u00ed. H\u00e1 diversas formas de se utilizar seus recursos em benef\u00edcio dos neg\u00f3cios, por isso \u00e9 essencial realizar o alinhamento com as estrat\u00e9gias adotadas e estar sempre em busca de tecnologias capazes de aprimorar os<br \/>\nprocessos corporativos.<\/p>\n","protected":false},"excerpt":{"rendered":"Objetivos: Diagnosticar e propor solu\u00e7\u00f5es que contribuam para que as necessidades, decis\u00f5es e objetivos corporativos estejam alinhados com os objetivos de TI, al\u00e9m de estabelecer crit\u00e9rios de monitoramento e desempenho[&#8230;]","protected":false},"author":1,"featured_media":0,"parent":0,"menu_order":0,"comment_status":"closed","ping_status":"closed","template":"","meta":{"footnotes":""},"class_list":["post-2138","page","type-page","status-publish","hentry"],"_links":{"self":[{"href":"https:\/\/agencialebrun.com.br\/index.php?rest_route=\/wp\/v2\/pages\/2138","targetHints":{"allow":["GET"]}}],"collection":[{"href":"https:\/\/agencialebrun.com.br\/index.php?rest_route=\/wp\/v2\/pages"}],"about":[{"href":"https:\/\/agencialebrun.com.br\/index.php?rest_route=\/wp\/v2\/types\/page"}],"author":[{"embeddable":true,"href":"https:\/\/agencialebrun.com.br\/index.php?rest_route=\/wp\/v2\/users\/1"}],"replies":[{"embeddable":true,"href":"https:\/\/agencialebrun.com.br\/index.php?rest_route=%2Fwp%2Fv2%2Fcomments&post=2138"}],"version-history":[{"count":1,"href":"https:\/\/agencialebrun.com.br\/index.php?rest_route=\/wp\/v2\/pages\/2138\/revisions"}],"predecessor-version":[{"id":2139,"href":"https:\/\/agencialebrun.com.br\/index.php?rest_route=\/wp\/v2\/pages\/2138\/revisions\/2139"}],"wp:attachment":[{"href":"https:\/\/agencialebrun.com.br\/index.php?rest_route=%2Fwp%2Fv2%2Fmedia&parent=2138"}],"curies":[{"name":"wp","href":"https:\/\/api.w.org\/{rel}","templated":true}]}}