{"id":2059,"date":"2019-03-29T20:40:00","date_gmt":"2019-03-29T23:40:00","guid":{"rendered":"http:\/\/www.agencialebrun.com.br\/?page_id=2059"},"modified":"2019-03-29T21:14:18","modified_gmt":"2019-03-30T00:14:18","slug":"noticias-do-setor","status":"publish","type":"page","link":"https:\/\/agencialebrun.com.br\/?page_id=2059","title":{"rendered":"Not\u00edcias do setor"},"content":{"rendered":"<div class=\"wpb-content-wrapper\"><p>[vc_row][vc_column width=&#8221;1\/4&#8243;][vc_widget_sidebar sidebar_id=&#8221;sidebar-1&#8243;][\/vc_column][vc_column width=&#8221;3\/4&#8243;]\n    <!-- Blog Start -->\n    <section class=\"unva-blog \">\n      <div class=\"row\">\n\n      \n      <div id=\"post-1785\" class=\"unva-blog-post post-1785 post type-post status-publish format-standard has-post-thumbnail hentry category-evte\">\n            <div class=\"col-md-4 col-sm-6\">\n        <div class=\"blog-item unva-item\">\n                    <div class=\"unva-image\">\n            <img decoding=\"async\" src=\"https:\/\/agencialebrun.com.br\/wp-content\/uploads\/2019\/02\/postblogevte-400x290.png\" alt=\"A import\u00e2ncia de fazer um estudo de viabilidade antes de abrir um novo neg\u00f3cio\">\n            <div class=\"blog-date\">4 de fevereiro de 2019<\/div>          <\/div>\n                    <div class=\"blog-info\">\n                        <h4 class=\"blog-title\"><a href=\"https:\/\/agencialebrun.com.br\/?p=1785\">A import\u00e2ncia de fazer um estudo de viabilidade antes de abrir um novo neg\u00f3cio<\/a><\/h4>\n            <p>Em 2012, de acordo com pesquisas feitas pelo Sebrae, 26.9% das empresas no pa\u00eds faliam nos dois primeiros anos, por[&#8230;]<\/p>\n            <div class=\"blog-meta\">\n                          <\/div>\n          <\/div>\n        <\/div>\n      <\/div>\n            <\/div><!-- #post-## -->\n    \n      <div id=\"post-1789\" class=\"unva-blog-post post-1789 post type-post status-publish format-standard has-post-thumbnail hentry category-mapeamento-e-melhoria-de-processos\">\n            <div class=\"col-md-4 col-sm-6\">\n        <div class=\"blog-item unva-item\">\n                    <div class=\"unva-image\">\n            <img decoding=\"async\" src=\"https:\/\/agencialebrun.com.br\/wp-content\/uploads\/2019\/02\/Captura-de-Tela-2019-02-04-a\u0300s-13.21.06-400x290.png\" alt=\"Qual a import\u00e2ncia do mapeamento de processos para a sua empresa?\">\n            <div class=\"blog-date\">4 de fevereiro de 2019<\/div>          <\/div>\n                    <div class=\"blog-info\">\n                        <h4 class=\"blog-title\"><a href=\"https:\/\/agencialebrun.com.br\/?p=1789\">Qual a import\u00e2ncia do mapeamento de processos para a sua empresa?<\/a><\/h4>\n            <p>Para que uma empresa esteja sempre em alto crescimento, \u00e9 essencial identificar suas falhas de produ\u00e7\u00e3o para implantar melhorias cont\u00ednuas,[&#8230;]<\/p>\n            <div class=\"blog-meta\">\n                          <\/div>\n          <\/div>\n        <\/div>\n      <\/div>\n            <\/div><!-- #post-## -->\n    \n      <div id=\"post-1794\" class=\"unva-blog-post post-1794 post type-post status-publish format-standard has-post-thumbnail hentry category-marketing-digital\">\n            <div class=\"col-md-4 col-sm-6\">\n        <div class=\"blog-item unva-item\">\n                    <div class=\"unva-image\">\n            <img decoding=\"async\" src=\"https:\/\/agencialebrun.com.br\/wp-content\/uploads\/2019\/02\/ESTRATEGIA-MKT-400x290.jpeg\" alt=\"Marketing Digital: benef\u00edcios e a import\u00e2ncia de fazer para sua empresa!\">\n            <div class=\"blog-date\">4 de fevereiro de 2019<\/div>          <\/div>\n                    <div class=\"blog-info\">\n                        <h4 class=\"blog-title\"><a href=\"https:\/\/agencialebrun.com.br\/?p=1794\">Marketing Digital: benef\u00edcios e a import\u00e2ncia de fazer para sua empresa!<\/a><\/h4>\n            <p>O planejamento estrat\u00e9gico de marketing digital \u00e9 a ferramenta mais eficiente para tra\u00e7ar o plano de crescimento de uma empresa.[&#8230;]<\/p>\n            <div class=\"blog-meta\">\n                          <\/div>\n          <\/div>\n        <\/div>\n      <\/div>\n            <\/div><!-- #post-## -->\n        <\/div>\n    \n    <\/section>\n    <!-- Blog End -->\n\n\n    [\/vc_column][\/vc_row]<\/p>\n<\/div>","protected":false},"excerpt":{"rendered":"[vc_row][vc_column width=&#8221;1\/4&#8243;][vc_widget_sidebar sidebar_id=&#8221;sidebar-1&#8243;][\/vc_column][vc_column width=&#8221;3\/4&#8243;][\/vc_column][\/vc_row]","protected":false},"author":1,"featured_media":0,"parent":0,"menu_order":0,"comment_status":"closed","ping_status":"closed","template":"","meta":{"footnotes":""},"class_list":["post-2059","page","type-page","status-publish","hentry"],"_links":{"self":[{"href":"https:\/\/agencialebrun.com.br\/index.php?rest_route=\/wp\/v2\/pages\/2059","targetHints":{"allow":["GET"]}}],"collection":[{"href":"https:\/\/agencialebrun.com.br\/index.php?rest_route=\/wp\/v2\/pages"}],"about":[{"href":"https:\/\/agencialebrun.com.br\/index.php?rest_route=\/wp\/v2\/types\/page"}],"author":[{"embeddable":true,"href":"https:\/\/agencialebrun.com.br\/index.php?rest_route=\/wp\/v2\/users\/1"}],"replies":[{"embeddable":true,"href":"https:\/\/agencialebrun.com.br\/index.php?rest_route=%2Fwp%2Fv2%2Fcomments&post=2059"}],"version-history":[{"count":13,"href":"https:\/\/agencialebrun.com.br\/index.php?rest_route=\/wp\/v2\/pages\/2059\/revisions"}],"predecessor-version":[{"id":2075,"href":"https:\/\/agencialebrun.com.br\/index.php?rest_route=\/wp\/v2\/pages\/2059\/revisions\/2075"}],"wp:attachment":[{"href":"https:\/\/agencialebrun.com.br\/index.php?rest_route=%2Fwp%2Fv2%2Fmedia&parent=2059"}],"curies":[{"name":"wp","href":"https:\/\/api.w.org\/{rel}","templated":true}]}}