{"id":2012,"date":"2019-03-29T16:26:59","date_gmt":"2019-03-29T19:26:59","guid":{"rendered":"http:\/\/www.agencialebrun.com.br\/?page_id=2012"},"modified":"2019-05-25T00:57:43","modified_gmt":"2019-05-25T03:57:43","slug":"cursos-realizados","status":"publish","type":"page","link":"https:\/\/agencialebrun.com.br\/?page_id=2012","title":{"rendered":"Cursos realizados"},"content":{"rendered":"<div class=\"wpb-content-wrapper\"><p>[vc_row][vc_column][vc_column_text]<\/p>\n<table width=\"1480\">\n<tbody>\n<tr>\n<td style=\"text-align: center;\" width=\"67\"><strong>Item<\/strong><\/td>\n<td style=\"text-align: center;\" width=\"315\"><strong>Projeto<\/strong><\/td>\n<td style=\"text-align: center;\" width=\"308\"><strong>Empresa<\/strong><\/td>\n<td style=\"text-align: center;\" width=\"137\"><strong>Cidade<\/strong><\/td>\n<td style=\"text-align: center;\" width=\"109\"><strong>Ano<\/strong><\/td>\n<td style=\"text-align: center;\" colspan=\"2\" width=\"368\"><strong>Avalia\u00e7\u00e3o da Empresa<\/strong><\/td>\n<td style=\"text-align: center;\" width=\"176\"><strong>Status<\/strong><\/td>\n<\/tr>\n<tr>\n<td width=\"67\">1<\/td>\n<td width=\"315\">Planejamento para Atua\u00e7\u00e3o em M\u00eddias Sociais<\/td>\n<td width=\"308\">ELO LABORATORIO NOVA ESPERANCA LTDA &#8211; EPP<\/td>\n<td width=\"137\">Vitoria da Conquista<\/td>\n<td width=\"109\">2018<\/td>\n<td width=\"192\">\u00d3tima<\/td>\n<td width=\"176\">ATENDEU AS EXPECTATIVAS<\/td>\n<td width=\"176\">Conclu\u00eddo<\/td>\n<\/tr>\n<tr>\n<td width=\"67\">2<\/td>\n<td width=\"315\">Desenvolvimento de Website<\/td>\n<td width=\"308\">MARIA DO CARMO EVENTOS<\/td>\n<td width=\"137\">Salvador<\/td>\n<td width=\"109\">2018<\/td>\n<td width=\"192\">\u00d3tima<\/td>\n<td width=\"176\">ATENDEU AS EXPECTATIVAS<\/td>\n<td width=\"176\">Conclu\u00eddo<\/td>\n<\/tr>\n<tr>\n<td width=\"67\">3<\/td>\n<td width=\"315\">Desenvolvimento e Implanta\u00e7\u00e3o de Estrat\u00e9gia, Campanha e A\u00e7\u00f5es Transm\u00eddia<\/td>\n<td width=\"308\">M\u00d3VEIS FORTE &#8211; COM\u00c9RCIO E SERVI\u00c7OS LTDA<\/td>\n<td>Salvador\/BA<\/td>\n<td width=\"109\">2018<\/td>\n<td width=\"192\">\u00d3tima<\/td>\n<td width=\"176\">ATENDEU AS EXPECTATIVAS<\/td>\n<td width=\"176\">Conclu\u00eddo<\/td>\n<\/tr>\n<tr>\n<td width=\"67\">4<\/td>\n<td width=\"315\">Desenvolvimento e Implanta\u00e7\u00e3o de Estrat\u00e9gia, Campanha e A\u00e7\u00f5es Transm\u00eddia<\/td>\n<td width=\"308\">HIDROSERV &#8211; IRRIGACAO E SERVI\u00c7OS<\/td>\n<td width=\"137\">Lauro de Freitas\/BA<\/td>\n<td width=\"109\">2018<\/td>\n<td width=\"192\">Bom<\/td>\n<td width=\"176\">ATENDEU AS EXPECTATIVAS<\/td>\n<td width=\"176\">Conclu\u00eddo<\/td>\n<\/tr>\n<tr>\n<td width=\"67\">5<\/td>\n<td width=\"315\">Marketing Digital Estr\u00e1tegico e E-commerce<\/td>\n<td width=\"308\">COOPERATIVA\u00a0 TRACUPA (COOPACT)<\/td>\n<td width=\"137\">Tucano<\/td>\n<td width=\"109\">2018<\/td>\n<td width=\"192\">\u00d3tima<\/td>\n<td width=\"176\">ATENDEU AS EXPECTATIVAS<\/td>\n<td width=\"176\">Conclu\u00eddo<\/td>\n<\/tr>\n<tr>\n<td width=\"67\">7<\/td>\n<td width=\"315\">Marketing Digital Estr\u00e1tegico e E-commerce<\/td>\n<td width=\"308\">EMPORIO BAIANO<\/td>\n<td width=\"137\">Salvador\/BA<\/td>\n<td width=\"109\">2018<\/td>\n<td width=\"192\">Bom<\/td>\n<td width=\"176\">ATENDEU AS EXPECTATIVAS<\/td>\n<td width=\"176\">Conclu\u00eddo<\/td>\n<\/tr>\n<tr>\n<td width=\"67\">8<\/td>\n<td width=\"315\">Marketing Digital Estr\u00e1tegico e E-commerce<\/td>\n<td width=\"308\">ACRYLIC ACRILICOS, BRINDES, COMUNICACAO VISUAL E INFORMATICA LTDA<\/td>\n<td width=\"137\">Feira de Santana\/BA<\/td>\n<td width=\"109\">2018<\/td>\n<td width=\"192\">\u00d3tima<\/td>\n<td width=\"176\">ATENDEU AS EXPECTATIVAS<\/td>\n<td width=\"176\">Conclu\u00eddo<\/td>\n<\/tr>\n<tr>\n<td width=\"67\">9<\/td>\n<td width=\"315\">Marketing Digital Estr\u00e1tegico e E-commerce<\/td>\n<td width=\"308\">CENTRAL DAS CORTINAS LTDA<\/td>\n<td width=\"137\">Salvador\/BA<\/td>\n<td width=\"109\">2018<\/td>\n<td width=\"192\">\u00d3tima<\/td>\n<td width=\"176\">ATENDEU AS EXPECTATIVAS<\/td>\n<td width=\"176\">Conclu\u00eddo<\/td>\n<\/tr>\n<tr>\n<td width=\"67\">10<\/td>\n<td width=\"315\">Marketing Digital Estr\u00e1tegico e E-commerce<\/td>\n<td width=\"308\">ELETRO THERM COMERCIO DE PECAS E SERVICOS ELETRICOS LTDA ME<\/td>\n<td width=\"137\">Barreiras\/BA<\/td>\n<td width=\"109\">2018<\/td>\n<td width=\"192\">\u00d3tima<\/td>\n<td width=\"176\">ATENDEU AS EXPECTATIVAS<\/td>\n<td width=\"176\">Conclu\u00eddo<\/td>\n<\/tr>\n<tr>\n<td width=\"67\">11<\/td>\n<td width=\"315\">Marketing Digital Estr\u00e1tegico e E-commerce\u00a0 Cria\u00e7\u00e3o de E-Commerce<\/td>\n<td width=\"308\">\u00a0Pousada Recanto do Major &#8211; Pratinha<\/td>\n<td width=\"137\">Iraraquara\/BA<\/td>\n<td width=\"109\">2018<\/td>\n<td width=\"192\">\u00d3tima<\/td>\n<td width=\"176\">ATENDEU AS EXPECTATIVAS<\/td>\n<td width=\"176\">Conclu\u00eddo<\/td>\n<\/tr>\n<tr>\n<td width=\"67\">12<\/td>\n<td width=\"315\">Marketing Digital Estr\u00e1tegico e E-commerce\u00a0 Cria\u00e7\u00e3o de E-Commerce<\/td>\n<td width=\"308\">S\u00c3O PAIX\u00c3O<\/td>\n<td width=\"137\">Feira de Santana\/BA<\/td>\n<td width=\"109\">2018<\/td>\n<td width=\"192\">\u00d3tima<\/td>\n<td width=\"176\">ATENDEU AS EXPECTATIVAS<\/td>\n<td width=\"176\">Conclu\u00eddo<\/td>\n<\/tr>\n<tr>\n<td width=\"67\">14<\/td>\n<td width=\"315\">Mapeamento e Melhoria de Processos<\/td>\n<td width=\"308\">MARCENARIA NEVES LTDA ME<\/td>\n<td width=\"137\">Livramento de Nossa Senhora\/BA<\/td>\n<td width=\"109\">2018<\/td>\n<td width=\"192\">\u00d3tima<\/td>\n<td width=\"176\">ATENDEU AS EXPECTATIVAS<\/td>\n<td width=\"176\">Conclu\u00eddo<\/td>\n<\/tr>\n<tr>\n<td width=\"67\">15<\/td>\n<td width=\"315\">Estudo de Viabilidade T\u00e9cnica e Econ\u00f4mica (EVTE)<\/td>\n<td width=\"308\">JPMED SOCIEDADE MEDICA LTDA<\/td>\n<td width=\"137\">Salvador<\/td>\n<td width=\"109\">2018<\/td>\n<td width=\"192\">\u00d3tima<\/td>\n<td width=\"176\">ATENDEU AS EXPECTATIVAS<\/td>\n<td width=\"176\">Conclu\u00eddo<\/td>\n<\/tr>\n<tr>\n<td width=\"67\">16<\/td>\n<td width=\"315\">Estudo de Viabilidade T\u00e9cnica e Econ\u00f4mica (EVTE)<\/td>\n<td width=\"308\">IZABEL BOUTIQUE LTDA<\/td>\n<td width=\"137\">IREC\u00ca\/BA<\/td>\n<td width=\"109\">2018<\/td>\n<td width=\"192\">\u00d3tima<\/td>\n<td width=\"176\">ATENDEU AS EXPECTATIVAS<\/td>\n<td width=\"176\">Conclu\u00eddo<\/td>\n<\/tr>\n<tr>\n<td width=\"67\">17<\/td>\n<td width=\"315\">Estudo de Viabilidade T\u00e9cnica e Econ\u00f4mica (EVTE)- MEGA PISOS<\/td>\n<td width=\"308\">MEGA PISOS SERVICOS DE PINTURA LTDA<\/td>\n<td width=\"137\">Salvador\/BA<\/td>\n<td width=\"109\">2018<\/td>\n<td width=\"192\">\u00d3tima<\/td>\n<td width=\"176\">ATENDEU AS EXPECTATIVAS<\/td>\n<td width=\"176\">Conclu\u00eddo<\/td>\n<\/tr>\n<\/tbody>\n<\/table>\n<p>[\/vc_column_text][\/vc_column][\/vc_row][vc_row][vc_column]\n<div class=\"wpcf7 no-js\" id=\"wpcf7-f2273-o1\" lang=\"pt-BR\" dir=\"ltr\" data-wpcf7-id=\"2273\">\n<div class=\"screen-reader-response\"><p role=\"status\" aria-live=\"polite\" aria-atomic=\"true\"><\/p> <ul><\/ul><\/div>\n<form action=\"\/index.php?rest_route=%2Fwp%2Fv2%2Fpages%2F2012#wpcf7-f2273-o1\" method=\"post\" class=\"wpcf7-form init\" aria-label=\"Formul\u00e1rios de contato\" novalidate=\"novalidate\" data-status=\"init\">\n<fieldset class=\"hidden-fields-container\"><input type=\"hidden\" name=\"_wpcf7\" value=\"2273\" \/><input type=\"hidden\" name=\"_wpcf7_version\" value=\"6.1.5\" \/><input type=\"hidden\" name=\"_wpcf7_locale\" value=\"pt_BR\" \/><input type=\"hidden\" name=\"_wpcf7_unit_tag\" value=\"wpcf7-f2273-o1\" \/><input type=\"hidden\" name=\"_wpcf7_container_post\" value=\"0\" \/><input type=\"hidden\" name=\"_wpcf7_posted_data_hash\" value=\"\" \/>\n<\/fieldset>\n<h3>Tem interesse em algum curso? Entre em contato:\n<\/h3>\n<p><label> Seu nome (obrigat\u00f3rio)<br \/>\n<span class=\"wpcf7-form-control-wrap\" data-name=\"your-name\"><input size=\"40\" maxlength=\"400\" class=\"wpcf7-form-control wpcf7-text wpcf7-validates-as-required\" aria-required=\"true\" aria-invalid=\"false\" value=\"\" type=\"text\" name=\"your-name\" \/><\/span> <\/label>\n<\/p>\n<p><label> Telefone<br \/>\n<span class=\"wpcf7-form-control-wrap\" data-name=\"telefone\"><input size=\"40\" maxlength=\"400\" class=\"wpcf7-form-control wpcf7-text\" aria-invalid=\"false\" value=\"\" type=\"text\" name=\"telefone\" \/><\/span> <\/label>\n<\/p>\n<p><label> Seu e-mail (obrigat\u00f3rio)<br \/>\n<span class=\"wpcf7-form-control-wrap\" data-name=\"your-email\"><input size=\"40\" maxlength=\"400\" class=\"wpcf7-form-control wpcf7-email wpcf7-validates-as-required wpcf7-text wpcf7-validates-as-email\" aria-required=\"true\" aria-invalid=\"false\" value=\"\" type=\"email\" name=\"your-email\" \/><\/span> <\/label>\n<\/p>\n<p><label> Mensagem<br \/>\n<span class=\"wpcf7-form-control-wrap\" data-name=\"your-message\"><textarea cols=\"40\" rows=\"10\" maxlength=\"2000\" class=\"wpcf7-form-control wpcf7-textarea\" aria-invalid=\"false\" name=\"your-message\"><\/textarea><\/span> <\/label>\n<\/p>\n<p><input class=\"wpcf7-form-control wpcf7-submit has-spinner\" type=\"submit\" value=\"Enviar\" \/>\n<\/p><div class=\"wpcf7-response-output\" aria-hidden=\"true\"><\/div>\n<\/form>\n<\/div>\n[\/vc_column][\/vc_row]<\/p>\n<\/div>","protected":false},"excerpt":{"rendered":"[vc_row][vc_column][vc_column_text] Item Projeto Empresa Cidade Ano Avalia\u00e7\u00e3o da Empresa Status 1 Planejamento para Atua\u00e7\u00e3o em M\u00eddias Sociais ELO LABORATORIO NOVA ESPERANCA LTDA &#8211; EPP Vitoria da Conquista 2018 \u00d3tima ATENDEU[&#8230;]","protected":false},"author":1,"featured_media":0,"parent":0,"menu_order":0,"comment_status":"closed","ping_status":"closed","template":"","meta":{"footnotes":""},"class_list":["post-2012","page","type-page","status-publish","hentry"],"_links":{"self":[{"href":"https:\/\/agencialebrun.com.br\/index.php?rest_route=\/wp\/v2\/pages\/2012","targetHints":{"allow":["GET"]}}],"collection":[{"href":"https:\/\/agencialebrun.com.br\/index.php?rest_route=\/wp\/v2\/pages"}],"about":[{"href":"https:\/\/agencialebrun.com.br\/index.php?rest_route=\/wp\/v2\/types\/page"}],"author":[{"embeddable":true,"href":"https:\/\/agencialebrun.com.br\/index.php?rest_route=\/wp\/v2\/users\/1"}],"replies":[{"embeddable":true,"href":"https:\/\/agencialebrun.com.br\/index.php?rest_route=%2Fwp%2Fv2%2Fcomments&post=2012"}],"version-history":[{"count":5,"href":"https:\/\/agencialebrun.com.br\/index.php?rest_route=\/wp\/v2\/pages\/2012\/revisions"}],"predecessor-version":[{"id":2274,"href":"https:\/\/agencialebrun.com.br\/index.php?rest_route=\/wp\/v2\/pages\/2012\/revisions\/2274"}],"wp:attachment":[{"href":"https:\/\/agencialebrun.com.br\/index.php?rest_route=%2Fwp%2Fv2%2Fmedia&parent=2012"}],"curies":[{"name":"wp","href":"https:\/\/api.w.org\/{rel}","templated":true}]}}