{"id":1988,"date":"2019-03-24T21:38:05","date_gmt":"2019-03-25T00:38:05","guid":{"rendered":"http:\/\/www.agencialebrun.com.br\/?page_id=1988"},"modified":"2019-05-31T01:19:40","modified_gmt":"2019-05-31T04:19:40","slug":"cursos","status":"publish","type":"page","link":"https:\/\/agencialebrun.com.br\/?page_id=1988","title":{"rendered":"Cursos"},"content":{"rendered":"<div class=\"wpb-content-wrapper\"><p>[vc_row][vc_column][vc_column_text]<span class=\"title\"><b class=\"medium-b\">POR QUE ESCOLHER OS\u00a0<span class=\"klickart-font\">CURSOS ONLINE<\/span> DA LEBRUN?<\/b><\/span><\/p>\n<p>H\u00e1 10 anos a Lebrun acompanha a realidade de micro, pequenas e m\u00e9dias empresas e oferece solu\u00e7\u00f5es que melhoram os seus resultados. Este trabalho nos trouxe n\u00e3o apenas a consci\u00eancia dos desafios que essas empresas enfrentam, mas a pr\u00e1tica de como solucion\u00e1-los. Nos cursos que oferecemos n\u00f3s ensinamos e partilhamos essa experi\u00eancia. \u00c9 por isso que nossos cursos v\u00e3o al\u00e9m do convencional: n\u00e3o se trata se transmitir conhecimento apenas, mas ensinar a partir da nossa experi\u00eancia. Conte com a gente para impulsionar a sua empresa![\/vc_column_text][vc_wp_custommenu nav_menu=&#8221;85&#8243;][\/vc_column][\/vc_row]<\/p>\n<\/div>","protected":false},"excerpt":{"rendered":"[vc_row][vc_column][vc_column_text]POR QUE ESCOLHER OS\u00a0CURSOS ONLINE DA LEBRUN? H\u00e1 10 anos a Lebrun acompanha a realidade de micro, pequenas e m\u00e9dias empresas e oferece solu\u00e7\u00f5es que melhoram os seus resultados. Este[&#8230;]","protected":false},"author":1,"featured_media":0,"parent":0,"menu_order":0,"comment_status":"closed","ping_status":"closed","template":"","meta":{"footnotes":""},"class_list":["post-1988","page","type-page","status-publish","hentry"],"_links":{"self":[{"href":"https:\/\/agencialebrun.com.br\/index.php?rest_route=\/wp\/v2\/pages\/1988","targetHints":{"allow":["GET"]}}],"collection":[{"href":"https:\/\/agencialebrun.com.br\/index.php?rest_route=\/wp\/v2\/pages"}],"about":[{"href":"https:\/\/agencialebrun.com.br\/index.php?rest_route=\/wp\/v2\/types\/page"}],"author":[{"embeddable":true,"href":"https:\/\/agencialebrun.com.br\/index.php?rest_route=\/wp\/v2\/users\/1"}],"replies":[{"embeddable":true,"href":"https:\/\/agencialebrun.com.br\/index.php?rest_route=%2Fwp%2Fv2%2Fcomments&post=1988"}],"version-history":[{"count":4,"href":"https:\/\/agencialebrun.com.br\/index.php?rest_route=\/wp\/v2\/pages\/1988\/revisions"}],"predecessor-version":[{"id":2316,"href":"https:\/\/agencialebrun.com.br\/index.php?rest_route=\/wp\/v2\/pages\/1988\/revisions\/2316"}],"wp:attachment":[{"href":"https:\/\/agencialebrun.com.br\/index.php?rest_route=%2Fwp%2Fv2%2Fmedia&parent=1988"}],"curies":[{"name":"wp","href":"https:\/\/api.w.org\/{rel}","templated":true}]}}