{"id":1969,"date":"2019-03-24T20:05:40","date_gmt":"2019-03-24T23:05:40","guid":{"rendered":"http:\/\/www.agencialebrun.com.br\/?page_id=1969"},"modified":"2019-07-22T21:01:57","modified_gmt":"2019-07-23T00:01:57","slug":"materiais-educativos","status":"publish","type":"page","link":"https:\/\/agencialebrun.com.br\/?page_id=1969","title":{"rendered":"Materiais educativos"},"content":{"rendered":"<div class=\"wpb-content-wrapper\"><p>[vc_row][vc_column width=&#8221;1\/4&#8243;][vc_widget_sidebar sidebar_id=&#8221;sidebar-1&#8243;][\/vc_column][vc_column width=&#8221;3\/4&#8243;][vc_row_inner][vc_column_inner width=&#8221;2\/6&#8243;][vc_single_image image=&#8221;2396&#8243; img_size=&#8221;full&#8221; alignment=&#8221;center&#8221;][\/vc_column_inner][vc_column_inner width=&#8221;4\/6&#8243;][vc_column_text css=&#8221;.vc_custom_1563839120040{padding-bottom: -20px !important;}&#8221;]Ebook Governan\u00e7a Estrat\u00e9gica TI<br \/>\n<span style=\"color: #0000ff;\">UNIDADE 1\u00a0 &#8211; PARTE 1<\/span><\/p>\n<p>Fundamentos das estruturas organizacionais, Processos decis\u00f3rios de TI e Estilos de estruturas decis\u00f3rias visando \u00e0 efic\u00e1cia<\/p>\n<p><a href=\"http:\/\/www.agencialebrun.com.br\/material-educativo-ebook1\"  class=\"unva-btn  unva-dwnd-btn-6a0584e935ace\">Download<\/a>[\/vc_column_text][\/vc_column_inner][\/vc_row_inner][\/vc_column][\/vc_row]<\/p>\n<\/div>","protected":false},"excerpt":{"rendered":"[vc_row][vc_column width=&#8221;1\/4&#8243;][vc_widget_sidebar sidebar_id=&#8221;sidebar-1&#8243;][\/vc_column][vc_column width=&#8221;3\/4&#8243;][vc_row_inner][vc_column_inner width=&#8221;2\/6&#8243;][vc_single_image image=&#8221;2396&#8243; img_size=&#8221;full&#8221; alignment=&#8221;center&#8221;][\/vc_column_inner][vc_column_inner width=&#8221;4\/6&#8243;][vc_column_text css=&#8221;.vc_custom_1563839120040{padding-bottom: -20px !important;}&#8221;]Ebook Governan\u00e7a Estrat\u00e9gica TI UNIDADE 1\u00a0 &#8211; PARTE 1 Fundamentos das estruturas organizacionais, Processos decis\u00f3rios de TI e Estilos[&#8230;]","protected":false},"author":1,"featured_media":0,"parent":0,"menu_order":0,"comment_status":"closed","ping_status":"closed","template":"","meta":{"footnotes":""},"class_list":["post-1969","page","type-page","status-publish","hentry"],"_links":{"self":[{"href":"https:\/\/agencialebrun.com.br\/index.php?rest_route=\/wp\/v2\/pages\/1969","targetHints":{"allow":["GET"]}}],"collection":[{"href":"https:\/\/agencialebrun.com.br\/index.php?rest_route=\/wp\/v2\/pages"}],"about":[{"href":"https:\/\/agencialebrun.com.br\/index.php?rest_route=\/wp\/v2\/types\/page"}],"author":[{"embeddable":true,"href":"https:\/\/agencialebrun.com.br\/index.php?rest_route=\/wp\/v2\/users\/1"}],"replies":[{"embeddable":true,"href":"https:\/\/agencialebrun.com.br\/index.php?rest_route=%2Fwp%2Fv2%2Fcomments&post=1969"}],"version-history":[{"count":43,"href":"https:\/\/agencialebrun.com.br\/index.php?rest_route=\/wp\/v2\/pages\/1969\/revisions"}],"predecessor-version":[{"id":2397,"href":"https:\/\/agencialebrun.com.br\/index.php?rest_route=\/wp\/v2\/pages\/1969\/revisions\/2397"}],"wp:attachment":[{"href":"https:\/\/agencialebrun.com.br\/index.php?rest_route=%2Fwp%2Fv2%2Fmedia&parent=1969"}],"curies":[{"name":"wp","href":"https:\/\/api.w.org\/{rel}","templated":true}]}}