{"id":1893,"date":"2019-03-18T23:10:32","date_gmt":"2019-03-19T02:10:32","guid":{"rendered":"http:\/\/www.agencialebrun.com.br\/?page_id=1893"},"modified":"2019-05-25T00:49:08","modified_gmt":"2019-05-25T03:49:08","slug":"missao-visao-e-valores","status":"publish","type":"page","link":"https:\/\/agencialebrun.com.br\/?page_id=1893","title":{"rendered":"Miss\u00e3o, Vis\u00e3o e Valores"},"content":{"rendered":"<div class=\"wpb-content-wrapper\"><div class=\"vc_row wpb_row vc_row-fluid unva-dhav-dotted vc_custom_1546045098864 vc_row-has-fill\">\n<div class=\"wpb_column vc_column_container text-default vc_col-sm-6\">\n<div class=\"vc_column-inner \">\n<div class=\"wpb_wrapper\">\n<div class=\"wpb_text_column wpb_content_element \">\n<div class=\"wpb_wrapper\">\n<p class=\"font_8\"><strong>VIS\u00c3O<br \/>\n<\/strong>Ser reconhecida regionalmente como a consultoria que alcan\u00e7a os objetivos propostos e entrega resultados efetivos, oferecendo a melhor rela\u00e7\u00e3o benef\u00edcio versus investimento.<\/p>\n<\/div>\n<\/div>\n<\/div>\n<\/div>\n<\/div>\n<div class=\"wpb_column vc_column_container text-default vc_col-sm-6\">\n<div class=\"vc_column-inner \">\n<div class=\"wpb_wrapper\">\n<div class=\"wpb_text_column wpb_content_element \">\n<div class=\"wpb_wrapper\">\n<p class=\"font_8\"><strong><br \/>\nMISS\u00c3O<br \/>\n<\/strong>Oferecer solu\u00e7\u00f5es estrat\u00e9gicas de marketing e gest\u00e3o de neg\u00f3cios atrav\u00e9s de consultoria, assessoria e treinamento focados nas reais necessidades dos clientes.<\/p>\n<\/div>\n<\/div>\n<\/div>\n<\/div>\n<\/div>\n<\/div>\n<div class=\"vc_row wpb_row vc_row-fluid unva-dhav-dotted vc_row-o-content-bottom vc_row-flex\">\n<div class=\"wpb_column vc_column_container text-default vc_col-sm-12\">\n<div class=\"vc_column-inner \">\n<div class=\"wpb_wrapper\">\n<div class=\"wpb_text_column wpb_content_element \">\n<div class=\"wpb_wrapper\">\n<p><strong><br \/>\nVALORES E PRINC\u00cdPIOS<br \/>\n<\/strong>Credibilidade no mercado por meio de uma atua\u00e7\u00e3o \u00edntegra e transparente.<\/p>\n<p>Efetividade atrav\u00e9s de reconhecida compet\u00eancia e da capacidade de entender as reais necessidades dos clientes.<\/p>\n<p>Competitividade a partir de uma estrutura simples que gera sinergia por interm\u00e9dio de empresas parceiras.<\/p>\n<\/div>\n<\/div>\n<\/div>\n<\/div>\n<\/div>\n<\/div>\n<p>[vc_row][vc_column][vc_btn title=&#8221;Fale com um consultor agora&#8221; color=&#8221;warning&#8221; size=&#8221;lg&#8221; i_icon_fontawesome=&#8221;fa fa-comments-o&#8221; add_icon=&#8221;true&#8221; link=&#8221;url:http%3A%2F%2Fwww.agencialebrun.com.br%2Fcontato%2F|||&#8221;][\/vc_column][\/vc_row]<\/p>\n<\/div>","protected":false},"excerpt":{"rendered":"VIS\u00c3O Ser reconhecida regionalmente como a consultoria que alcan\u00e7a os objetivos propostos e entrega resultados efetivos, oferecendo a melhor rela\u00e7\u00e3o benef\u00edcio versus investimento. MISS\u00c3O Oferecer solu\u00e7\u00f5es estrat\u00e9gicas de marketing e[&#8230;]","protected":false},"author":1,"featured_media":0,"parent":0,"menu_order":0,"comment_status":"closed","ping_status":"closed","template":"","meta":{"footnotes":""},"class_list":["post-1893","page","type-page","status-publish","hentry"],"_links":{"self":[{"href":"https:\/\/agencialebrun.com.br\/index.php?rest_route=\/wp\/v2\/pages\/1893","targetHints":{"allow":["GET"]}}],"collection":[{"href":"https:\/\/agencialebrun.com.br\/index.php?rest_route=\/wp\/v2\/pages"}],"about":[{"href":"https:\/\/agencialebrun.com.br\/index.php?rest_route=\/wp\/v2\/types\/page"}],"author":[{"embeddable":true,"href":"https:\/\/agencialebrun.com.br\/index.php?rest_route=\/wp\/v2\/users\/1"}],"replies":[{"embeddable":true,"href":"https:\/\/agencialebrun.com.br\/index.php?rest_route=%2Fwp%2Fv2%2Fcomments&post=1893"}],"version-history":[{"count":6,"href":"https:\/\/agencialebrun.com.br\/index.php?rest_route=\/wp\/v2\/pages\/1893\/revisions"}],"predecessor-version":[{"id":2269,"href":"https:\/\/agencialebrun.com.br\/index.php?rest_route=\/wp\/v2\/pages\/1893\/revisions\/2269"}],"wp:attachment":[{"href":"https:\/\/agencialebrun.com.br\/index.php?rest_route=%2Fwp%2Fv2%2Fmedia&parent=1893"}],"curies":[{"name":"wp","href":"https:\/\/api.w.org\/{rel}","templated":true}]}}