{"id":1762,"date":"2019-01-29T19:42:51","date_gmt":"2019-01-29T21:42:51","guid":{"rendered":"http:\/\/www.agencialebrun.com.br\/?page_id=1762"},"modified":"2019-01-29T19:42:51","modified_gmt":"2019-01-29T21:42:51","slug":"criacao-de-e-commerce","status":"publish","type":"page","link":"https:\/\/agencialebrun.com.br\/?page_id=1762","title":{"rendered":"Cria\u00e7\u00e3o de E-Commerce"},"content":{"rendered":"<div class=\"wpb-content-wrapper\"><p>[vc_row][vc_column][vc_column_text]<strong>Objetivo:<\/strong><\/p>\n<div id=\"5c50c33f3f6c4-9\" class=\"panel-collapse collapse in\" aria-expanded=\"true\">\n<div class=\"panel-content\">\n<div class=\"wpb_text_column wpb_content_element \">\n<div class=\"wpb_wrapper\">\n<p>A consultoria objetiva utilizar a comunica\u00e7\u00e3o eletr\u00f4nica e digital aplicada aos neg\u00f3cios atrav\u00e9s da cria\u00e7\u00e3o do E-commerce. Dentre os objetivos espec\u00edficos da solu\u00e7\u00e3o, tem-se:<\/p>\n<ol>\n<li>Implantar um um novo canal de comercializa\u00e7\u00e3o;<\/li>\n<li>Permitir que empresas possam captar novos clientes;<\/li>\n<li>Alcan\u00e7ar novos mercados ampliando a exposi\u00e7\u00e3o e divulga\u00e7\u00e3o de seus produtos\/servi\u00e7os;<\/li>\n<li>Aumentar as possibilidades de neg\u00f3cios promovendo novas vendas;<\/li>\n<li>Proporcionar \u00e0 empresa a implementa\u00e7\u00e3o de um sistema de E-commerce auto gerenci\u00e1vel e responsivo, cujas funcionalidades e facilidades permitir\u00e3o que a mesma esteja apta a gerenciar seu E-commerce.<\/li>\n<li>Permitir que \u00e0 empresa possa promover e divulgar seus produtos\/servi\u00e7os, atrav\u00e9s de um sistema de inser\u00e7\u00e3o de imagens que permita a sua edi\u00e7\u00e3o;<\/li>\n<li>Permitir que \u00e0 empresa possa acompanhar as vendas atrav\u00e9s de relat\u00f3rios;<\/li>\n<li>Possibilitar atividades para incrementar seu relacionamento com clientes, potencializando suas vendas e aumentando a competitividade do seu neg\u00f3cio;<\/li>\n<li>Possibilitar a internacionaliza\u00e7\u00e3o dos produtos e servi\u00e7os das micro e pequenas empresas baianas.<\/li>\n<\/ol>\n<p>&nbsp;<\/p>\n<p><strong>Benef\u00edcios:<\/strong><\/p>\n<p>Dentre os benef\u00edcios, tem-se:<\/p>\n<ul>\n<li>Expans\u00e3o da comercializa\u00e7\u00e3o da empresa;<\/li>\n<li>Abertura de novos mercados e alcance de novos p\u00fablicos;<\/li>\n<li>Aumento das vendas, incremento da divulga\u00e7\u00e3o e exposi\u00e7\u00e3o de seus produtos\/servi\u00e7os;<\/li>\n<\/ul>\n<p>Melhoria e rapidez na comunica\u00e7\u00e3o com seus clientes, atrav\u00e9s do envio de cupons de desconto, programas de fidelidade, afiliados, vale presentes.<\/p>\n<\/div>\n<\/div>\n<\/div>\n<\/div>\n<div id=\"5c50c33f3f6c4-4\" class=\"panel-collapse collapse in\" aria-expanded=\"true\">\n<div class=\"panel-content\">\n<div class=\"wpb_text_column wpb_content_element \">\n<div class=\"wpb_wrapper\">\n<p>[\/vc_column_text][\/vc_column][\/vc_row][vc_row][vc_column][vc_btn title=&#8221;Fale com um consultor agora&#8221; color=&#8221;warning&#8221; size=&#8221;lg&#8221; i_icon_fontawesome=&#8221;fa fa-comments-o&#8221; add_icon=&#8221;true&#8221; link=&#8221;url:http%3A%2F%2Fwww.agencialebrun.com.br%2Fcontato%2F|||&#8221;][\/vc_column][\/vc_row]<\/p>\n<\/div>\n<\/div>\n<\/div>\n<\/div>\n<\/div>","protected":false},"excerpt":{"rendered":"[vc_row][vc_column][vc_column_text]Objetivo: A consultoria objetiva utilizar a comunica\u00e7\u00e3o eletr\u00f4nica e digital aplicada aos neg\u00f3cios atrav\u00e9s da cria\u00e7\u00e3o do E-commerce. Dentre os objetivos espec\u00edficos da solu\u00e7\u00e3o, tem-se: Implantar um um novo canal[&#8230;]","protected":false},"author":1,"featured_media":0,"parent":0,"menu_order":0,"comment_status":"closed","ping_status":"closed","template":"","meta":{"footnotes":""},"class_list":["post-1762","page","type-page","status-publish","hentry"],"_links":{"self":[{"href":"https:\/\/agencialebrun.com.br\/index.php?rest_route=\/wp\/v2\/pages\/1762","targetHints":{"allow":["GET"]}}],"collection":[{"href":"https:\/\/agencialebrun.com.br\/index.php?rest_route=\/wp\/v2\/pages"}],"about":[{"href":"https:\/\/agencialebrun.com.br\/index.php?rest_route=\/wp\/v2\/types\/page"}],"author":[{"embeddable":true,"href":"https:\/\/agencialebrun.com.br\/index.php?rest_route=\/wp\/v2\/users\/1"}],"replies":[{"embeddable":true,"href":"https:\/\/agencialebrun.com.br\/index.php?rest_route=%2Fwp%2Fv2%2Fcomments&post=1762"}],"version-history":[{"count":1,"href":"https:\/\/agencialebrun.com.br\/index.php?rest_route=\/wp\/v2\/pages\/1762\/revisions"}],"predecessor-version":[{"id":1763,"href":"https:\/\/agencialebrun.com.br\/index.php?rest_route=\/wp\/v2\/pages\/1762\/revisions\/1763"}],"wp:attachment":[{"href":"https:\/\/agencialebrun.com.br\/index.php?rest_route=%2Fwp%2Fv2%2Fmedia&parent=1762"}],"curies":[{"name":"wp","href":"https:\/\/api.w.org\/{rel}","templated":true}]}}