{"id":1759,"date":"2019-01-29T19:40:55","date_gmt":"2019-01-29T21:40:55","guid":{"rendered":"http:\/\/www.agencialebrun.com.br\/?page_id=1759"},"modified":"2019-01-29T19:40:55","modified_gmt":"2019-01-29T21:40:55","slug":"desenvolvimento-de-midias-sociais-de-comunicacao-fast","status":"publish","type":"page","link":"https:\/\/agencialebrun.com.br\/?page_id=1759","title":{"rendered":"Desenvolvimento de M\u00eddias Sociais de Comunica\u00e7\u00e3o &#8211; Fast"},"content":{"rendered":"<div class=\"wpb-content-wrapper\"><p>[vc_row][vc_column][vc_column_text]<strong>Objetivo:<\/strong><\/p>\n<div id=\"5c50c33f3f6c4-8\" class=\"panel-collapse collapse in\" aria-expanded=\"true\">\n<div class=\"panel-content\">\n<div class=\"wpb_text_column wpb_content_element \">\n<div class=\"wpb_wrapper\">\n<p>Desenvolver as especifica\u00e7\u00f5es e layout de m\u00eddias sociais de comunica\u00e7\u00e3o (website, blog, facebook, twitter, e-mail marketing, banner virtual). \u00c9 importante ressaltar que os custos relacionados ao dom\u00ednio e \u00e0 hospedagem s\u00e3o de responsabilidade do Cliente.<\/p>\n<p>O conte\u00fado (textos e fotos) dever\u00e1 ser disponibilizado pelo Cliente ao Prestador de Servi\u00e7o Tecnol\u00f3gico no momento de realiza\u00e7\u00e3o do briefing.<\/p>\n<p>&nbsp;<\/p>\n<p><strong>Benef\u00edcios:<\/strong><\/p>\n<p>Dentre os benef\u00edcios, tem-se:<\/p>\n<ul>\n<li>Expans\u00e3o da visibilidade da empresa;<\/li>\n<li>Abertura de novos mercados e alcance de novos p\u00fablicos;<\/li>\n<li>Aumento das vendas, incremento da divulga\u00e7\u00e3o e exposi\u00e7\u00e3o de seus produtos\/servi\u00e7os;<\/li>\n<li>Melhoria e rapidez na comunica\u00e7\u00e3o com seus clientes.<\/li>\n<\/ul>\n<\/div>\n<\/div>\n<\/div>\n<\/div>\n<div id=\"5c50c33f3f6c4-4\" class=\"panel-collapse collapse in\" aria-expanded=\"true\">\n<div class=\"panel-content\">\n<div class=\"wpb_text_column wpb_content_element \">\n<div class=\"wpb_wrapper\">\n<p>[\/vc_column_text][\/vc_column][\/vc_row][vc_row][vc_column][vc_btn title=&#8221;Fale com um consultor agora&#8221; color=&#8221;warning&#8221; size=&#8221;lg&#8221; i_icon_fontawesome=&#8221;fa fa-comments-o&#8221; add_icon=&#8221;true&#8221; link=&#8221;url:http%3A%2F%2Fwww.agencialebrun.com.br%2Fcontato%2F|||&#8221;][\/vc_column][\/vc_row]<\/p>\n<\/div>\n<\/div>\n<\/div>\n<\/div>\n<\/div>","protected":false},"excerpt":{"rendered":"[vc_row][vc_column][vc_column_text]Objetivo: Desenvolver as especifica\u00e7\u00f5es e layout de m\u00eddias sociais de comunica\u00e7\u00e3o (website, blog, facebook, twitter, e-mail marketing, banner virtual). \u00c9 importante ressaltar que os custos relacionados ao dom\u00ednio e \u00e0[&#8230;]","protected":false},"author":1,"featured_media":0,"parent":0,"menu_order":0,"comment_status":"closed","ping_status":"closed","template":"","meta":{"footnotes":""},"class_list":["post-1759","page","type-page","status-publish","hentry"],"_links":{"self":[{"href":"https:\/\/agencialebrun.com.br\/index.php?rest_route=\/wp\/v2\/pages\/1759","targetHints":{"allow":["GET"]}}],"collection":[{"href":"https:\/\/agencialebrun.com.br\/index.php?rest_route=\/wp\/v2\/pages"}],"about":[{"href":"https:\/\/agencialebrun.com.br\/index.php?rest_route=\/wp\/v2\/types\/page"}],"author":[{"embeddable":true,"href":"https:\/\/agencialebrun.com.br\/index.php?rest_route=\/wp\/v2\/users\/1"}],"replies":[{"embeddable":true,"href":"https:\/\/agencialebrun.com.br\/index.php?rest_route=%2Fwp%2Fv2%2Fcomments&post=1759"}],"version-history":[{"count":1,"href":"https:\/\/agencialebrun.com.br\/index.php?rest_route=\/wp\/v2\/pages\/1759\/revisions"}],"predecessor-version":[{"id":1760,"href":"https:\/\/agencialebrun.com.br\/index.php?rest_route=\/wp\/v2\/pages\/1759\/revisions\/1760"}],"wp:attachment":[{"href":"https:\/\/agencialebrun.com.br\/index.php?rest_route=%2Fwp%2Fv2%2Fmedia&parent=1759"}],"curies":[{"name":"wp","href":"https:\/\/api.w.org\/{rel}","templated":true}]}}