{"id":1755,"date":"2019-01-29T19:38:53","date_gmt":"2019-01-29T21:38:53","guid":{"rendered":"http:\/\/www.agencialebrun.com.br\/?page_id=1755"},"modified":"2019-01-29T19:39:52","modified_gmt":"2019-01-29T21:39:52","slug":"desenvolvimento-de-novos-processos","status":"publish","type":"page","link":"https:\/\/agencialebrun.com.br\/?page_id=1755","title":{"rendered":"Desenvolvimento de Novos Processos"},"content":{"rendered":"<div class=\"wpb-content-wrapper\"><p>[vc_row][vc_column][vc_column_text]<strong>Objetivo:<\/strong><\/p>\n<div id=\"5c50c33f3f6c4-7\" class=\"panel-collapse collapse in\" aria-expanded=\"true\">\n<div class=\"panel-content\">\n<div class=\"wpb_text_column wpb_content_element \">\n<div class=\"wpb_wrapper\">\n<p>Desenvolver novos processos produtivos atrav\u00e9s da utiliza\u00e7\u00e3o de ferramentas de inova\u00e7\u00e3o possibilitando a abertura de novos mercados, ganhos de efici\u00eancia, qualidade, aquisi\u00e7\u00e3o de novos conhecimentos e m\u00e9todos organizacionais com incremento de produtividade, vendas, lucro e competitividade da empresa.<\/p>\n<p><strong>Benef\u00edcios:<\/strong><\/p>\n<p>Dentre os potenciais benef\u00edcios resultantes da Consultoria, tem-se:<\/p>\n<ol>\n<li>Melhoria da Competitividade;<\/li>\n<li>Aumento da produtividade (otimiza\u00e7\u00e3o na utiliza\u00e7\u00e3o de recursos);<\/li>\n<li>Aumento de demanda, confiabilidade operacional (efici\u00eancia) e atendimento ao cliente;<\/li>\n<li>Fortalecimento e ativa\u00e7\u00e3o de marca;<\/li>\n<li>Ganhos de novos mercados;<\/li>\n<li>Ganhos de conhecimento (novas pr\u00e1ticas empresariais);<\/li>\n<li>Aumento da margem de lucro;<\/li>\n<li>Acompanhamento de processo via indicadores chaves de desempenho de processo.<\/li>\n<\/ol>\n<\/div>\n<\/div>\n<\/div>\n<\/div>\n<div id=\"5c50c33f3f6c4-4\" class=\"panel-collapse collapse in\" aria-expanded=\"true\">\n<div class=\"panel-content\">\n<div class=\"wpb_text_column wpb_content_element \">\n<div class=\"wpb_wrapper\">\n<p>[\/vc_column_text][\/vc_column][\/vc_row][vc_row][vc_column][vc_btn title=&#8221;Fale com um consultor agora&#8221; color=&#8221;warning&#8221; size=&#8221;lg&#8221; i_icon_fontawesome=&#8221;fa fa-comments-o&#8221; add_icon=&#8221;true&#8221; link=&#8221;url:http%3A%2F%2Fwww.agencialebrun.com.br%2Fcontato%2F|||&#8221;][\/vc_column][\/vc_row]<\/p>\n<\/div>\n<\/div>\n<\/div>\n<\/div>\n<\/div>","protected":false},"excerpt":{"rendered":"[vc_row][vc_column][vc_column_text]Objetivo: Desenvolver novos processos produtivos atrav\u00e9s da utiliza\u00e7\u00e3o de ferramentas de inova\u00e7\u00e3o possibilitando a abertura de novos mercados, ganhos de efici\u00eancia, qualidade, aquisi\u00e7\u00e3o de novos conhecimentos e m\u00e9todos organizacionais com[&#8230;]","protected":false},"author":1,"featured_media":0,"parent":0,"menu_order":0,"comment_status":"closed","ping_status":"closed","template":"","meta":{"footnotes":""},"class_list":["post-1755","page","type-page","status-publish","hentry"],"_links":{"self":[{"href":"https:\/\/agencialebrun.com.br\/index.php?rest_route=\/wp\/v2\/pages\/1755","targetHints":{"allow":["GET"]}}],"collection":[{"href":"https:\/\/agencialebrun.com.br\/index.php?rest_route=\/wp\/v2\/pages"}],"about":[{"href":"https:\/\/agencialebrun.com.br\/index.php?rest_route=\/wp\/v2\/types\/page"}],"author":[{"embeddable":true,"href":"https:\/\/agencialebrun.com.br\/index.php?rest_route=\/wp\/v2\/users\/1"}],"replies":[{"embeddable":true,"href":"https:\/\/agencialebrun.com.br\/index.php?rest_route=%2Fwp%2Fv2%2Fcomments&post=1755"}],"version-history":[{"count":2,"href":"https:\/\/agencialebrun.com.br\/index.php?rest_route=\/wp\/v2\/pages\/1755\/revisions"}],"predecessor-version":[{"id":1758,"href":"https:\/\/agencialebrun.com.br\/index.php?rest_route=\/wp\/v2\/pages\/1755\/revisions\/1758"}],"wp:attachment":[{"href":"https:\/\/agencialebrun.com.br\/index.php?rest_route=%2Fwp%2Fv2%2Fmedia&parent=1755"}],"curies":[{"name":"wp","href":"https:\/\/api.w.org\/{rel}","templated":true}]}}