{"id":1752,"date":"2019-01-29T19:37:16","date_gmt":"2019-01-29T21:37:16","guid":{"rendered":"http:\/\/www.agencialebrun.com.br\/?page_id=1752"},"modified":"2019-01-29T19:37:16","modified_gmt":"2019-01-29T21:37:16","slug":"desenvolvimento-e-implantacao-de-estrategia-campanha-e-acoes-transmidia","status":"publish","type":"page","link":"https:\/\/agencialebrun.com.br\/?page_id=1752","title":{"rendered":"Desenvolvimento e Implanta\u00e7\u00e3o de Estrat\u00e9gia, Campanha e A\u00e7\u00f5es Transm\u00eddia"},"content":{"rendered":"<div class=\"wpb-content-wrapper\"><p>[vc_row][vc_column][vc_column_text]<strong>Objetivo:<\/strong><\/p>\n<div id=\"5c50c33f3f6c4-6\" class=\"panel-collapse collapse in\" aria-expanded=\"true\">\n<div class=\"panel-content\">\n<div class=\"wpb_text_column wpb_content_element \">\n<div class=\"wpb_wrapper\">\n<p>1- Possibilidade de expans\u00e3o dos neg\u00f3cios e aumento de receita, atrav\u00e9s da utiliza\u00e7\u00e3o de ferramentas de vanguarda que aliem comunica\u00e7\u00e3o e tecnologia em forma de um Projeto Transm\u00eddia, proporcionando assim um aumento na taxa de engajamento e convers\u00e3o de clientes;<\/p>\n<p>2- Desenvolver uma B\u00edblia Transm\u00eddia, com o objetivo de posicionar e orientar o cliente sobre as a\u00e7\u00f5es comunicacionais de mercado sobre seus produtos e servi\u00e7os, desenvolvendo campanhas mais precisas e assertivas;<\/p>\n<p>3- Avaliar os produtos e servi\u00e7os, sob a \u00f3tima de mercado, no que tange o potencial de comunica\u00e7\u00e3o que possa gerar mais interesse do grande p\u00fablico, assim como atingir, de forma precisa, camadas de clientes mais espec\u00edficas;<\/p>\n<p>4- Desenvolver produtos e campanhas inovadoras e de vanguarda, gerando novas demandas e expectativas de mercado.<\/p>\n<p>&nbsp;<\/p>\n<p><strong>Benef\u00edcios:<\/strong><\/p>\n<ul>\n<li>Aumento na visibilidade da empresa, gerando mais engajamento para sua marca, produtos e servi\u00e7os, podendo se converter em aumento de receita;<\/li>\n<li>Aumento na satisfa\u00e7\u00e3o dos clientes que possuir\u00e3o uma experi\u00eancia de produto e servi\u00e7o mais inovadora e satisfat\u00f3ria;<\/li>\n<li>Gera\u00e7\u00e3o de interesses gerais e espec\u00edficos dos clientes-alvo do segmento de atua\u00e7\u00e3o da empresa;<\/li>\n<li>Promover uma resposta mercadol\u00f3gica ou uma renova\u00e7\u00e3o da imagem da empresa, sua marca, produtos e servi\u00e7os, apoiadas em uma imagem de inova\u00e7\u00e3o e vanguarda, se destacando das poss\u00edveis concorrentes diretos e indiretos;<\/li>\n<li>Relat\u00f3rio Did\u00e1tico e resumido de todas as etapas do projeto a serem cumpridas a partir do momento de sua implanta\u00e7\u00e3o, assim como demais a\u00e7\u00f5es que se fizerem necess\u00e1rias;<\/li>\n<\/ul>\n<p>Melhoria na percep\u00e7\u00e3o dos produtos de servi\u00e7os por parte dos consumidores, proporcionando assim experi\u00eancias de consumido mais enriquecedoras, precisas, prazerosas, gerando alto grau de fidelidade.<\/p>\n<\/div>\n<\/div>\n<\/div>\n<\/div>\n<div id=\"5c50c33f3f6c4-4\" class=\"panel-collapse collapse in\" aria-expanded=\"true\">\n<div class=\"panel-content\">\n<div class=\"wpb_text_column wpb_content_element \">\n<div class=\"wpb_wrapper\">\n<p>[\/vc_column_text][\/vc_column][\/vc_row][vc_row][vc_column][vc_btn title=&#8221;Fale com um consultor agora&#8221; color=&#8221;warning&#8221; size=&#8221;lg&#8221; i_icon_fontawesome=&#8221;fa fa-comments-o&#8221; add_icon=&#8221;true&#8221; link=&#8221;url:http%3A%2F%2Fwww.agencialebrun.com.br%2Fcontato%2F|||&#8221;][\/vc_column][\/vc_row]<\/p>\n<\/div>\n<\/div>\n<\/div>\n<\/div>\n<\/div>","protected":false},"excerpt":{"rendered":"[vc_row][vc_column][vc_column_text]Objetivo: 1- Possibilidade de expans\u00e3o dos neg\u00f3cios e aumento de receita, atrav\u00e9s da utiliza\u00e7\u00e3o de ferramentas de vanguarda que aliem comunica\u00e7\u00e3o e tecnologia em forma de um Projeto Transm\u00eddia, proporcionando[&#8230;]","protected":false},"author":1,"featured_media":0,"parent":0,"menu_order":0,"comment_status":"closed","ping_status":"closed","template":"","meta":{"footnotes":""},"class_list":["post-1752","page","type-page","status-publish","hentry"],"_links":{"self":[{"href":"https:\/\/agencialebrun.com.br\/index.php?rest_route=\/wp\/v2\/pages\/1752","targetHints":{"allow":["GET"]}}],"collection":[{"href":"https:\/\/agencialebrun.com.br\/index.php?rest_route=\/wp\/v2\/pages"}],"about":[{"href":"https:\/\/agencialebrun.com.br\/index.php?rest_route=\/wp\/v2\/types\/page"}],"author":[{"embeddable":true,"href":"https:\/\/agencialebrun.com.br\/index.php?rest_route=\/wp\/v2\/users\/1"}],"replies":[{"embeddable":true,"href":"https:\/\/agencialebrun.com.br\/index.php?rest_route=%2Fwp%2Fv2%2Fcomments&post=1752"}],"version-history":[{"count":1,"href":"https:\/\/agencialebrun.com.br\/index.php?rest_route=\/wp\/v2\/pages\/1752\/revisions"}],"predecessor-version":[{"id":1753,"href":"https:\/\/agencialebrun.com.br\/index.php?rest_route=\/wp\/v2\/pages\/1752\/revisions\/1753"}],"wp:attachment":[{"href":"https:\/\/agencialebrun.com.br\/index.php?rest_route=%2Fwp%2Fv2%2Fmedia&parent=1752"}],"curies":[{"name":"wp","href":"https:\/\/api.w.org\/{rel}","templated":true}]}}