{"id":1746,"date":"2019-01-29T19:35:00","date_gmt":"2019-01-29T21:35:00","guid":{"rendered":"http:\/\/www.agencialebrun.com.br\/?page_id=1746"},"modified":"2019-03-31T21:48:33","modified_gmt":"2019-04-01T00:48:33","slug":"estudo-viabilidade-tecnica_economica-evte","status":"publish","type":"page","link":"https:\/\/agencialebrun.com.br\/?page_id=1746","title":{"rendered":"Estudo de Viabilidade T\u00e9cnica e Econ\u00f4mica (EVTE)"},"content":{"rendered":"<div class=\"wpb-content-wrapper\"><p>[vc_row][vc_column][vc_column_text]<strong>Objetivos:<\/strong><\/p>\n<ul class=\"ul1\">\n<li class=\"li1\">Ajudar o empres\u00e1rio a avaliar o plano de investimento em novos produtos, processos, servi\u00e7os ou neg\u00f3cios, demonstrando a viabilidade ou inviabilidade do projeto.<\/li>\n<\/ul>\n<ul class=\"ul1\">\n<li class=\"li1\">Reduzir os riscos dos investimentos a serem feitos nas fases posteriores \u00e0 do estudo. Ele procura demonstrar ao empres\u00e1rio ou a um potencial agente de financiamento para o empreendimento, se uma ideia proposta \u00e9 vi\u00e1vel ou n\u00e3o, sendo, portanto uma ferramenta muito \u00fatil no aux\u00edlio \u00e0 tomada de decis\u00e3o.<\/li>\n<\/ul>\n<div id=\"5c50c33f3f6c4-5\" class=\"panel-collapse collapse in\" aria-expanded=\"true\">\n<div class=\"panel-content\">\n<div class=\"wpb_text_column wpb_content_element \">\n<div class=\"wpb_wrapper\">\n<p><strong>Benef\u00edcios:<\/strong><\/p>\n<p>Um estudo de viabilidade t\u00e9cnica\/econ\u00f4mica\/financeira pode e deve ser realizado por qualquer empresa sempre que um projeto de inova\u00e7\u00e3o, seja de produto, processo ou servi\u00e7o esteja em fase de avalia\u00e7\u00e3o e o empres\u00e1rio precisa de informa\u00e7\u00f5es detalhadas para tomada de decis\u00e3o. O grande benef\u00edcio desse tipo de an\u00e1lise \u00e9 conseguir visualizar atrav\u00e9s de proje\u00e7\u00f5es mercadol\u00f3gicas e por meio de an\u00e1lises financeiras o real potencial de retorno do investimento em quest\u00e3o e, portanto, decidir se as premissas que est\u00e3o sendo utilizadas s\u00e3o pertinentes e se o projeto deve ir adiante ou n\u00e3o.<\/p>\n<\/div>\n<\/div>\n<\/div>\n<\/div>\n<div id=\"5c50c33f3f6c4-4\" class=\"panel-collapse collapse in\" aria-expanded=\"true\">\n<div class=\"panel-content\">\n<div class=\"wpb_text_column wpb_content_element \">\n<div class=\"wpb_wrapper\">\n<p>[\/vc_column_text][\/vc_column][\/vc_row][vc_row][vc_column][vc_btn title=&#8221;Fale com um consultor agora&#8221; color=&#8221;warning&#8221; size=&#8221;lg&#8221; i_icon_fontawesome=&#8221;fa fa-comments-o&#8221; add_icon=&#8221;true&#8221; link=&#8221;url:http%3A%2F%2Fwww.agencialebrun.com.br%2Fcontato%2F|||&#8221;][\/vc_column][\/vc_row]<\/p>\n<\/div>\n<\/div>\n<\/div>\n<\/div>\n<\/div>","protected":false},"excerpt":{"rendered":"[vc_row][vc_column][vc_column_text]Objetivos: Ajudar o empres\u00e1rio a avaliar o plano de investimento em novos produtos, processos, servi\u00e7os ou neg\u00f3cios, demonstrando a viabilidade ou inviabilidade do projeto. Reduzir os riscos dos investimentos a[&#8230;]","protected":false},"author":1,"featured_media":0,"parent":0,"menu_order":0,"comment_status":"closed","ping_status":"closed","template":"","meta":{"footnotes":""},"class_list":["post-1746","page","type-page","status-publish","hentry"],"_links":{"self":[{"href":"https:\/\/agencialebrun.com.br\/index.php?rest_route=\/wp\/v2\/pages\/1746","targetHints":{"allow":["GET"]}}],"collection":[{"href":"https:\/\/agencialebrun.com.br\/index.php?rest_route=\/wp\/v2\/pages"}],"about":[{"href":"https:\/\/agencialebrun.com.br\/index.php?rest_route=\/wp\/v2\/types\/page"}],"author":[{"embeddable":true,"href":"https:\/\/agencialebrun.com.br\/index.php?rest_route=\/wp\/v2\/users\/1"}],"replies":[{"embeddable":true,"href":"https:\/\/agencialebrun.com.br\/index.php?rest_route=%2Fwp%2Fv2%2Fcomments&post=1746"}],"version-history":[{"count":6,"href":"https:\/\/agencialebrun.com.br\/index.php?rest_route=\/wp\/v2\/pages\/1746\/revisions"}],"predecessor-version":[{"id":2123,"href":"https:\/\/agencialebrun.com.br\/index.php?rest_route=\/wp\/v2\/pages\/1746\/revisions\/2123"}],"wp:attachment":[{"href":"https:\/\/agencialebrun.com.br\/index.php?rest_route=%2Fwp%2Fv2%2Fmedia&parent=1746"}],"curies":[{"name":"wp","href":"https:\/\/api.w.org\/{rel}","templated":true}]}}