{"id":1738,"date":"2019-01-29T19:30:07","date_gmt":"2019-01-29T21:30:07","guid":{"rendered":"http:\/\/www.agencialebrun.com.br\/?page_id=1738"},"modified":"2019-01-29T19:30:07","modified_gmt":"2019-01-29T21:30:07","slug":"mapeamento-e-melhoria-de-processos","status":"publish","type":"page","link":"https:\/\/agencialebrun.com.br\/?page_id=1738","title":{"rendered":"Mapeamento e Melhoria de Processos"},"content":{"rendered":"<div class=\"wpb-content-wrapper\"><p>[vc_row][vc_column][vc_column_text]<\/p>\n<p><strong>Objetivo:<\/strong><\/p>\n<p>Melhorar ou introduzir novos processos atrav\u00e9s da an\u00e1lise e identifica\u00e7\u00e3o de processos ineficientes e\/ou ineficazes com utiliza\u00e7\u00e3o de ferramentas de suporte ao Planejamento, Programa\u00e7\u00e3o e Controle da Produ\u00e7\u00e3o, incrementando a produtividade, o lucro e a competitividade da empresa.\u2028\u00c9 necess\u00e1rio que no ato de solicita\u00e7\u00e3o da demanda o Cliente apresente qual o Ponto Cr\u00edtico da Empresa que deseja abordar, bem como o Setor e Segmento em que atua.<\/p>\n<p><strong>Benef\u00edcios:<\/strong><\/p>\n<p>Dentre os potenciais benef\u00edcios resultantes da Consultoria, tem-se:<\/p>\n<ol>\n<li>a) Redu\u00e7\u00e3o de custos;<\/li>\n<li>b) Aumento da produtividade atrav\u00e9s da otimiza\u00e7\u00e3o de processos (redu\u00e7\u00e3o, tempos de processamento, elimina\u00e7\u00e3o de gargalos e aumento de capacidade, diminui\u00e7\u00e3o de tempos, aumento da disponibilidade).<\/li>\n<li>c) Aumento da confiabilidade operacional (efici\u00eancia);<\/li>\n<li>d) Confiabilidade no atendimento ao cliente;<\/li>\n<li>e) Estabelecimento de metas espec\u00edficas para cada processo;<\/li>\n<li>f) Elimina\u00e7\u00e3o de desperd\u00edcios;<\/li>\n<li>g) Melhor utiliza\u00e7\u00e3o de recursos;<\/li>\n<li>h) Aumento da margem de lucro;<\/li>\n<li>i) Acompanhamento de processo via indicadores chaves de processo.<\/li>\n<\/ol>\n<p>[\/vc_column_text][\/vc_column][\/vc_row][vc_row][vc_column][vc_btn title=&#8221;Fale com um consultor agora&#8221; color=&#8221;warning&#8221; size=&#8221;lg&#8221; i_icon_fontawesome=&#8221;fa fa-comments-o&#8221; add_icon=&#8221;true&#8221; link=&#8221;url:http%3A%2F%2Fwww.agencialebrun.com.br%2Fcontato%2F|||&#8221;][\/vc_column][\/vc_row]<\/p>\n<\/div>","protected":false},"excerpt":{"rendered":"[vc_row][vc_column][vc_column_text] Objetivo: Melhorar ou introduzir novos processos atrav\u00e9s da an\u00e1lise e identifica\u00e7\u00e3o de processos ineficientes e\/ou ineficazes com utiliza\u00e7\u00e3o de ferramentas de suporte ao Planejamento, Programa\u00e7\u00e3o e Controle da Produ\u00e7\u00e3o,[&#8230;]","protected":false},"author":1,"featured_media":0,"parent":0,"menu_order":0,"comment_status":"closed","ping_status":"closed","template":"","meta":{"footnotes":""},"class_list":["post-1738","page","type-page","status-publish","hentry"],"_links":{"self":[{"href":"https:\/\/agencialebrun.com.br\/index.php?rest_route=\/wp\/v2\/pages\/1738","targetHints":{"allow":["GET"]}}],"collection":[{"href":"https:\/\/agencialebrun.com.br\/index.php?rest_route=\/wp\/v2\/pages"}],"about":[{"href":"https:\/\/agencialebrun.com.br\/index.php?rest_route=\/wp\/v2\/types\/page"}],"author":[{"embeddable":true,"href":"https:\/\/agencialebrun.com.br\/index.php?rest_route=\/wp\/v2\/users\/1"}],"replies":[{"embeddable":true,"href":"https:\/\/agencialebrun.com.br\/index.php?rest_route=%2Fwp%2Fv2%2Fcomments&post=1738"}],"version-history":[{"count":1,"href":"https:\/\/agencialebrun.com.br\/index.php?rest_route=\/wp\/v2\/pages\/1738\/revisions"}],"predecessor-version":[{"id":1739,"href":"https:\/\/agencialebrun.com.br\/index.php?rest_route=\/wp\/v2\/pages\/1738\/revisions\/1739"}],"wp:attachment":[{"href":"https:\/\/agencialebrun.com.br\/index.php?rest_route=%2Fwp%2Fv2%2Fmedia&parent=1738"}],"curies":[{"name":"wp","href":"https:\/\/api.w.org\/{rel}","templated":true}]}}