{"id":1735,"date":"2019-01-25T22:55:32","date_gmt":"2019-01-26T00:55:32","guid":{"rendered":"http:\/\/www.agencialebrun.com.br\/?page_id=1735"},"modified":"2019-07-07T16:38:19","modified_gmt":"2019-07-07T19:38:19","slug":"transformacao-digital","status":"publish","type":"page","link":"https:\/\/agencialebrun.com.br\/?page_id=1735","title":{"rendered":"Transforma\u00e7\u00e3o Digital"},"content":{"rendered":"<div class=\"wpb-content-wrapper\"><p>[vc_row][vc_column][vc_column_text]<strong>Objetivo:<\/strong><\/p>\n<p>Como objetivos da consultoria, tem-se:<\/p>\n<ol>\n<li>Desenvolver a gest\u00e3o comercial online das empresas.<\/li>\n<li>Estruturar e aumentar a satura\u00e7\u00e3o das informa\u00e7\u00f5es e dados dispon\u00edveis online.<\/li>\n<li>Melhorar a qualidade dos produtos e servi\u00e7os prestados.<\/li>\n<li>Ampliar os canais de venda e relacionamento com clientes.<\/li>\n<li>Melhorar reputa\u00e7\u00e3o online atrav\u00e9s do monitoramento e adequa\u00e7\u00e3o de processos.<\/li>\n<li>Aumentar o faturamento.<\/li>\n<li>Reduzir os custos comerciais e de distribui\u00e7\u00e3o.<\/li>\n<li>Ampliar mercado para os produtos e servi\u00e7os prestados.<\/li>\n<\/ol>\n<p>&nbsp;<\/p>\n<p><strong>Benef\u00edcios:<\/strong><\/p>\n<ol>\n<li>1. Aumento do resultado operacional da empresa;<\/li>\n<li>Internacionaliza\u00e7\u00e3o;<\/li>\n<li>Melhoria da qualidade com satisfa\u00e7\u00e3o dos clientes;<\/li>\n<li>Aumento da satura\u00e7\u00e3o web com dados estruturados;<\/li>\n<li>Melhor posicionamento da marca do produto\/servi\u00e7o e sua reputa\u00e7\u00e3o online;<\/li>\n<li>Otimiza\u00e7\u00e3o SEO;<\/li>\n<li>Controle sobre os processos por meio dos pain\u00e9is com m\u00e9tricas de desempenho comerciais.<\/li>\n<\/ol>\n<p>[\/vc_column_text][\/vc_column][\/vc_row][vc_row][vc_column][vc_btn title=&#8221;Fale com um consultor agora&#8221; color=&#8221;warning&#8221; size=&#8221;lg&#8221; i_icon_fontawesome=&#8221;fa fa-comments-o&#8221; add_icon=&#8221;true&#8221; link=&#8221;url:http%3A%2F%2Fwww.agencialebrun.com.br%2Fcontato%2F|||&#8221;][\/vc_column][\/vc_row]<\/p>\n<\/div>","protected":false},"excerpt":{"rendered":"[vc_row][vc_column][vc_column_text]Objetivo: Como objetivos da consultoria, tem-se: Desenvolver a gest\u00e3o comercial online das empresas. Estruturar e aumentar a satura\u00e7\u00e3o das informa\u00e7\u00f5es e dados dispon\u00edveis online. Melhorar a qualidade dos produtos e[&#8230;]","protected":false},"author":1,"featured_media":0,"parent":0,"menu_order":0,"comment_status":"closed","ping_status":"closed","template":"","meta":{"footnotes":""},"class_list":["post-1735","page","type-page","status-publish","hentry"],"_links":{"self":[{"href":"https:\/\/agencialebrun.com.br\/index.php?rest_route=\/wp\/v2\/pages\/1735","targetHints":{"allow":["GET"]}}],"collection":[{"href":"https:\/\/agencialebrun.com.br\/index.php?rest_route=\/wp\/v2\/pages"}],"about":[{"href":"https:\/\/agencialebrun.com.br\/index.php?rest_route=\/wp\/v2\/types\/page"}],"author":[{"embeddable":true,"href":"https:\/\/agencialebrun.com.br\/index.php?rest_route=\/wp\/v2\/users\/1"}],"replies":[{"embeddable":true,"href":"https:\/\/agencialebrun.com.br\/index.php?rest_route=%2Fwp%2Fv2%2Fcomments&post=1735"}],"version-history":[{"count":6,"href":"https:\/\/agencialebrun.com.br\/index.php?rest_route=\/wp\/v2\/pages\/1735\/revisions"}],"predecessor-version":[{"id":2264,"href":"https:\/\/agencialebrun.com.br\/index.php?rest_route=\/wp\/v2\/pages\/1735\/revisions\/2264"}],"wp:attachment":[{"href":"https:\/\/agencialebrun.com.br\/index.php?rest_route=%2Fwp%2Fv2%2Fmedia&parent=1735"}],"curies":[{"name":"wp","href":"https:\/\/api.w.org\/{rel}","templated":true}]}}