{"id":1523,"date":"2018-12-28T21:24:10","date_gmt":"2018-12-28T23:24:10","guid":{"rendered":"http:\/\/www.agencialebrun.com.br\/?page_id=1523"},"modified":"2019-07-10T00:47:05","modified_gmt":"2019-07-10T03:47:05","slug":"clientes","status":"publish","type":"page","link":"https:\/\/agencialebrun.com.br\/?page_id=1523","title":{"rendered":"Clientes atendidos"},"content":{"rendered":"<div class=\"wpb-content-wrapper\"><p>[vc_row][vc_column][vc_images_carousel images=&#8221;1714,1707,1706,1952,1953,1951,1950,1948,1949,1947,1941,1940,1942,1944,1943,1945,1946,1939,1938,1937,1936,1934,1935,1933,1932,1930,1931,1929,1928,1926,1927,1925&#8243; img_size=&#8221;full&#8221; onclick=&#8221;link_no&#8221; speed=&#8221;2000&#8243; slides_per_view=&#8221;6&#8243; autoplay=&#8221;yes&#8221; hide_pagination_control=&#8221;yes&#8221; partial_view=&#8221;yes&#8221; wrap=&#8221;yes&#8221;][\/vc_column][\/vc_row]<\/p>\n<p>[vc_row][vc_column][\/vc_column][\/vc_row][vc_row][vc_column width=&#8221;1\/2&#8243;][vc_single_image image=&#8221;1945&#8243; img_size=&#8221;full&#8221;][vc_column_text]<strong>ADEMI-BA \u2013 ASSOCIA\u00c7\u00c3O DE DIRIGENTES DE EMPRESAS DO MERCADO IMOBILI\u00c1RIO DA BAHIA<\/strong><\/p>\n<p>Fundada no dia 13 de agosto de 1975, a Associa\u00e7\u00e3o de Dirigentes de Empresas do Mercado Imobili\u00e1rio da Bahia \u2013 ADEMI-BA \u2013 \u00e9 uma organiza\u00e7\u00e3o empresarial sem fins lucrativos, que re\u00fane cerca de 80% das construtoras e incorporadoras em atividade no estado.<\/p>\n<p><strong>\u00c1reas de atua\u00e7\u00e3o da Lebrun:\u00a0<\/strong><a href=\"http:\/\/www.agencialebrun.com.br\/transformacao-digital\/\">Intelig\u00eancia Estrat\u00e9gica Digital <\/a>[\/vc_column_text][\/vc_column][vc_column width=&#8221;1\/2&#8243;][vc_single_image image=&#8221;1946&#8243; img_size=&#8221;full&#8221;][vc_column_text]A Associa\u00e7\u00e3o Bahiana de Supermercados (Abase) \u00e9 uma entidade sem fins lucrativos que visa defender os direitos dos supermercadistas, proporcionar servi\u00e7os e benef\u00edcios, al\u00e9m de criar oportunidades constantes para troca de informa\u00e7\u00f5es.<\/p>\n<p><strong>\u00c1reas de atua\u00e7\u00e3o da Intelliplan:\u00a0<\/strong><a href=\"http:\/\/www.agencialebrun.com.br\/transformacao-digital\/\">Intelig\u00eancia Estrat\u00e9gica Digital<\/a> e <a href=\"http:\/\/www.agencialebrun.com.br\/pesquisa-de-satisfacao-online-mobile\/\">Intelig\u00eancia Estrat\u00e9gica de Mercado<\/a>[\/vc_column_text][\/vc_column][\/vc_row][vc_row][vc_column width=&#8221;1\/2&#8243;][vc_single_image image=&#8221;1931&#8243; img_size=&#8221;full&#8221;][vc_column_text]Constitu\u00edda em 2004, a M\u00f3veis desde sua funda\u00e7\u00e3o, h\u00e1 mais de 14 anos sempre se destacou pela credibilidade, pela excel\u00eancia de seu atendimento e pela qualidade de seus servi\u00e7os. Neste momento, a M\u00f3veis Forte \u00e9 uma empresa de com\u00e9rcio varejista de m\u00f3veis para escrit\u00f3rio.<\/p>\n<p><strong>\u00c1reas de atua\u00e7\u00e3o da Lebrun:\u00a0 <\/strong><a href=\"http:\/\/www.agencialebrun.com.br\/desenvolvimento-e-implantacao-de-estrategia-campanha-e-acoes-transmidia\/\"><strong>Desenvolvimento e Implanta\u00e7\u00e3o de Estrat\u00e9gia<\/strong><\/a> e Campanha e A\u00e7\u00f5es Transm\u00eddia[\/vc_column_text][\/vc_column][vc_column width=&#8221;1\/2&#8243;][vc_single_image image=&#8221;1926&#8243; img_size=&#8221;full&#8221;][vc_column_text]UNIMED FEIRA DE SANTANA<\/p>\n<p>A Unimed \u00e9 uma cooperativa com,\u00a0345 Cooperativas<br \/>\n115 mil m\u00e9dicos cooperados<br \/>\n18 milh\u00f5es\u00a0de benefici\u00e1rios<br \/>\n2.506 hospitais credenciados<br \/>\n119 hospitais pr\u00f3prios<\/p>\n<p>Al\u00e9m de pronto atendimentos, laborat\u00f3rios e\u00a0ambul\u00e2ncias\u00a0para garantir qualidade na assist\u00eancia m\u00e9dica, hospitalar e de diagn\u00f3stico complementar oferecidos.<\/p>\n<p><strong>\u00c1reas de atua\u00e7\u00e3o da Lebrun:\u00a0<\/strong><a href=\"http:\/\/www.agencialebrun.com.br\/governanca-e-tecnologia-da-informacao\/\">Governan\u00e7a e Tecnologia da Informa\u00e7\u00e3o<\/a>, <a href=\"http:\/\/www.agencialebrun.com.br\/mapeamento-e-melhoria-de-processos\/\">Mapeamento e Melhoria de Processos<\/a> e <a href=\"http:\/\/www.agencialebrun.com.br\/programa-de-preparacao-para-certificacao-em-sistema-de-gestao-da-qualidade-para-tecnologia-da-informacao-iso-20000\/\">Prepara\u00e7\u00e3o para Certifica\u00e7\u00e3o ISO 20000 \/ ITIL<\/a>[\/vc_column_text][\/vc_column][\/vc_row][vc_row][vc_column width=&#8221;1\/2&#8243;][vc_single_image image=&#8221;1947&#8243; img_size=&#8221;full&#8221;][vc_column_text]<strong>IREC\u00ca MODAS<\/strong><\/p>\n<p>A IREC\u00ca MOFDAS \u00e9 Loja multimarcas, masculino, feminino e infantil e oferece a seus clientes o que a de melhor em moda feminina e masculina.<\/p>\n<p><strong>\u00c1reas de atua\u00e7\u00e3o da Lebrun:\u00a0<\/strong><a href=\"http:\/\/www.agencialebrun.com.br\/estudo-viabilidade-tecnica_economica-evte\/\">Estudo de Viabilidade T\u00e9cnica e Econ\u00f4mica (EVTE)<\/a>[\/vc_column_text][\/vc_column][vc_column width=&#8221;1\/2&#8243;][vc_single_image image=&#8221;1950&#8243; img_size=&#8221;full&#8221;][vc_column_text]<strong>ELO LABORAT\u00d3RIO CL\u00cdNICO\u00a0 <\/strong><\/p>\n<p>Fundada em 1996 em vit\u00f3ria da conquista no estado da Bahia, faz com maestria, precis\u00e3o e rapidez uma analise laboratorial com a finalidade de obter resultados sempre confi\u00e1veis aos clientes.<\/p>\n<p><strong>\u00c1reas de atua\u00e7\u00e3o da Lebrun: <\/strong><a href=\"http:\/\/www.agencialebrun.com.br\/planejamento-para-atuacao-em-midias-sociais\/\">Planejamento para Atua\u00e7\u00e3o em M\u00eddias Socias <\/a>[\/vc_column_text][\/vc_column][\/vc_row]<\/p>\n<\/div>","protected":false},"excerpt":{"rendered":"[vc_row][vc_column][vc_images_carousel images=&#8221;1714,1707,1706,1952,1953,1951,1950,1948,1949,1947,1941,1940,1942,1944,1943,1945,1946,1939,1938,1937,1936,1934,1935,1933,1932,1930,1931,1929,1928,1926,1927,1925&#8243; img_size=&#8221;full&#8221; onclick=&#8221;link_no&#8221; speed=&#8221;2000&#8243; slides_per_view=&#8221;6&#8243; autoplay=&#8221;yes&#8221; hide_pagination_control=&#8221;yes&#8221; partial_view=&#8221;yes&#8221; wrap=&#8221;yes&#8221;][\/vc_column][\/vc_row] [vc_row][vc_column][\/vc_column][\/vc_row][vc_row][vc_column width=&#8221;1\/2&#8243;][vc_single_image image=&#8221;1945&#8243; img_size=&#8221;full&#8221;][vc_column_text]ADEMI-BA \u2013 ASSOCIA\u00c7\u00c3O DE DIRIGENTES DE EMPRESAS DO MERCADO IMOBILI\u00c1RIO DA BAHIA Fundada no dia 13 de[&#8230;]","protected":false},"author":1,"featured_media":0,"parent":0,"menu_order":0,"comment_status":"closed","ping_status":"closed","template":"","meta":{"footnotes":""},"class_list":["post-1523","page","type-page","status-publish","hentry"],"_links":{"self":[{"href":"https:\/\/agencialebrun.com.br\/index.php?rest_route=\/wp\/v2\/pages\/1523","targetHints":{"allow":["GET"]}}],"collection":[{"href":"https:\/\/agencialebrun.com.br\/index.php?rest_route=\/wp\/v2\/pages"}],"about":[{"href":"https:\/\/agencialebrun.com.br\/index.php?rest_route=\/wp\/v2\/types\/page"}],"author":[{"embeddable":true,"href":"https:\/\/agencialebrun.com.br\/index.php?rest_route=\/wp\/v2\/users\/1"}],"replies":[{"embeddable":true,"href":"https:\/\/agencialebrun.com.br\/index.php?rest_route=%2Fwp%2Fv2%2Fcomments&post=1523"}],"version-history":[{"count":29,"href":"https:\/\/agencialebrun.com.br\/index.php?rest_route=\/wp\/v2\/pages\/1523\/revisions"}],"predecessor-version":[{"id":2383,"href":"https:\/\/agencialebrun.com.br\/index.php?rest_route=\/wp\/v2\/pages\/1523\/revisions\/2383"}],"wp:attachment":[{"href":"https:\/\/agencialebrun.com.br\/index.php?rest_route=%2Fwp%2Fv2%2Fmedia&parent=1523"}],"curies":[{"name":"wp","href":"https:\/\/api.w.org\/{rel}","templated":true}]}}